{"id":2,"date":"2018-05-09T17:49:21","date_gmt":"2018-05-09T17:49:21","guid":{"rendered":"https:\/\/evergreenkonstgras.se\/shop\/?page_id=2"},"modified":"2018-09-11T08:28:06","modified_gmt":"2018-09-11T08:28:06","slug":"start","status":"publish","type":"page","link":"https:\/\/www.evergreenkonstgras.se\/shop\/","title":{"rendered":"Start"},"content":{"rendered":"<p>[et_pb_section bb_built=&#8221;1&#8243; _builder_version=&#8221;3.13.1&#8243; background_image=&#8221;https:\/\/evergreenkonstgras.se\/shop\/wp-content\/uploads\/2018\/05\/start-bakgrund.jpg&#8221; next_background_color=&#8221;#ffffff&#8221; background_position=&#8221;bottom_center&#8221; background_color=&#8221;rgba(0,0,0,0.25)&#8221; background_blend=&#8221;overlay&#8221;][et_pb_row _builder_version=&#8221;3.11.1&#8243; module_alignment=&#8221;center&#8221;][et_pb_column type=&#8221;4_4&#8243;][et_pb_divider _builder_version=&#8221;3.11.1&#8243; show_divider=&#8221;off&#8221; height=&#8221;50px&#8221; disabled=&#8221;off&#8221; disabled_on=&#8221;on|on|&#8221; \/][et_pb_text admin_label=&#8221;Evergreen Shop&#8221; _builder_version=&#8221;3.11.1&#8243; text_font=&#8221;|600||on|||||&#8221; text_font_size=&#8221;24px&#8221; text_letter_spacing=&#8221;2px&#8221; text_orientation=&#8221;center&#8221; background_layout=&#8221;dark&#8221; custom_padding=&#8221;5px|15px|5px|15px&#8221; background_color=&#8221;#87bb40&#8243; custom_margin=&#8221;|400px||400px&#8221; custom_margin_tablet=&#8221;|130px||130px&#8221; custom_margin_phone=&#8221;|10px||10px&#8221; custom_margin_last_edited=&#8221;on|phone&#8221;]<\/p>\n<p>Evergreen Shop<\/p>\n<p>[\/et_pb_text][et_pb_text admin_label=&#8221;Rubrik&#8221; _builder_version=&#8221;3.11.1&#8243; header_text_align=&#8221;center&#8221; background_layout=&#8221;dark&#8221; header_font_size=&#8221;72px&#8221; header_font=&#8221;|300|||||||&#8221; text_orientation=&#8221;center&#8221; header_font_size_tablet=&#8221;60px&#8221; header_font_size_phone=&#8221;46px&#8221; header_font_size_last_edited=&#8221;on|phone&#8221;]<\/p>\n<h1>Fynda konstgr\u00e4s till bra priser<\/h1>\n<p>[\/et_pb_text][et_pb_text _builder_version=&#8221;3.13.1&#8243; header_text_align=&#8221;left&#8221; background_layout=&#8221;dark&#8221; header_font_size=&#8221;72px&#8221; custom_padding_tablet=&#8221;|50px||50px&#8221; custom_padding_phone=&#8221;|0px||0px&#8221; custom_padding_last_edited=&#8221;on|desktop&#8221; custom_padding=&#8221;|180px||180px&#8221; custom_margin=&#8221;||50px|&#8221; header_2_font=&#8221;|700||on|||||&#8221; header_2_text_align=&#8221;center&#8221; header_2_text_color=&#8221;#ffffff&#8221; header_2_font_size=&#8221;24px&#8221; header_2_line_height=&#8221;1.3em&#8221;]<\/p>\n<h2>Alltifr\u00e5n mindre stuvbitar till 100 m\u00b2<\/h2>\n<p>I v\u00e5r webbshop kan du fynda konstgr\u00e4s av h\u00f6gsta kvalitet till din tr\u00e4dg\u00e5rd, sportplaner, f\u00f6retaget eller offentliga milj\u00f6er. Vi har produkter f\u00f6r b\u00e5de st\u00f6rre och mindre ytor &#8211; och alltid till bra priser. Och hittar du inte en storlek som passar s\u00e5 \u00e4r du sj\u00e4lvklart v\u00e4lkommen att m\u00e5ttbest\u00e4lla v\u00e5ra produkter (till ordinarie pris). Vi erbjuder \u00e4ven alla tillbeh\u00f6r du beh\u00f6ver till installationen.<\/p>\n<p>[\/et_pb_text][et_pb_button _builder_version=&#8221;3.13.1&#8243; button_text=&#8221;Visa produkter&#8221; button_url=&#8221;https:\/\/evergreenkonstgras.se\/shop\/produkter\/&#8221; button_alignment=&#8221;center&#8221; custom_button=&#8221;on&#8221; button_text_size=&#8221;24&#8243; button_text_color=&#8221;#87bb40&#8243; button_bg_color=&#8221;#ffffff&#8221; button_letter_spacing=&#8221;2&#8243; button_font=&#8221;|||on|||||&#8221; button_text_color_hover=&#8221;#ffffff&#8221; button_bg_color_hover=&#8221;#87bb40&#8243; button_letter_spacing_hover=&#8221;2&#8243; button_text_shadow_style=&#8221;preset5&#8243; button_use_icon=&#8221;off&#8221; button_text_shadow_horizontal_length=&#8221;0em&#8221; button_text_shadow_vertical_length=&#8221;0em&#8221; \/][et_pb_divider _builder_version=&#8221;3.11.1&#8243; show_divider=&#8221;off&#8221; height=&#8221;50px&#8221; disabled=&#8221;off&#8221; disabled_on=&#8221;on|on|&#8221; \/][\/et_pb_column][\/et_pb_row][\/et_pb_section][et_pb_section bb_built=&#8221;1&#8243; fullwidth=&#8221;off&#8221; specialty=&#8221;off&#8221; prev_background_color=&#8221;rgba(0,0,0,0.25)&#8221; next_background_color=&#8221;#000000&#8243;][et_pb_row][et_pb_column type=&#8221;4_4&#8243;][et_pb_text admin_label=&#8221;Popul\u00e4ra produkter&#8221; _builder_version=&#8221;3.11.1&#8243; text_font=&#8221;|600||on|||||&#8221; text_font_size=&#8221;24px&#8221; text_letter_spacing=&#8221;2px&#8221; text_line_height=&#8221;1.5em&#8221; text_orientation=&#8221;center&#8221; custom_margin=&#8221;||-5px|&#8221;]<\/p>\n<p>Popul\u00e4ra produkter<\/p>\n<p>[\/et_pb_text][et_pb_divider _builder_version=&#8221;3.11.1&#8243; divider_position=&#8221;center&#8221; divider_weight=&#8221;5&#8243; max_width=&#8221;10%&#8221; module_alignment=&#8221;center&#8221; height=&#8221;40px&#8221; animation_style=&#8221;slide&#8221; animation_direction=&#8221;left&#8221; max_width_tablet=&#8221;20%&#8221; max_width_phone=&#8221;60%&#8221; max_width_last_edited=&#8221;on|phone&#8221; \/][et_pb_shop _builder_version=&#8221;3.13.1&#8243; posts_number=&#8221;6&#8243; columns_number=&#8221;3&#8243; price_font=&#8221;|600|||||||&#8221; price_font_size=&#8221;20&#8243; hover_overlay_color=&#8221;rgba(0,0,0,0.3)&#8221; hover_icon=&#8221;%%51%%&#8221; icon_hover_color=&#8221;#ffffff&#8221; orderby=&#8221;date-desc&#8221; title_font=&#8221;|700|||||||&#8221; title_font_size=&#8221;20&#8243; title_line_height=&#8221;1.3em&#8221; price_text_color=&#8221;#87bb40&#8243; type=&#8221;best_selling&#8221; \/][et_pb_button _builder_version=&#8221;3.13.1&#8243; button_text=&#8221;Se fler produkter&#8221; button_url=&#8221;https:\/\/evergreenkonstgras.se\/shop\/produkter\/&#8221; button_alignment=&#8221;center&#8221; custom_button=&#8221;on&#8221; button_text_size=&#8221;24&#8243; button_text_color=&#8221;#ffffff&#8221; button_bg_color=&#8221;#87bb40&#8243; button_letter_spacing=&#8221;2&#8243; button_font=&#8221;|||on|||||&#8221; button_text_color_hover=&#8221;#ffffff&#8221; button_bg_color_hover=&#8221;#0c4f2e&#8221; button_letter_spacing_hover=&#8221;2&#8243; button_text_shadow_style=&#8221;preset5&#8243; button_use_icon=&#8221;off&#8221; button_text_shadow_horizontal_length=&#8221;0em&#8221; button_text_shadow_vertical_length=&#8221;0em&#8221; background_layout=&#8221;dark&#8221; button_text_size_phone=&#8221;18&#8243; button_text_size_last_edited=&#8221;on|phone&#8221; \/][\/et_pb_column][\/et_pb_row][\/et_pb_section][et_pb_section bb_built=&#8221;1&#8243; specialty=&#8221;off&#8221; prev_background_color=&#8221;#ffffff&#8221; next_background_color=&#8221;#ffffff&#8221; _builder_version=&#8221;3.11.1&#8243; background_image=&#8221;https:\/\/www.evergreenkonstgras.se\/wp-content\/uploads\/2013\/04\/bg-ljusgron.jpg&#8221;][et_pb_row _builder_version=&#8221;3.11.1&#8243; module_class=&#8221;sokning&#8221;][et_pb_column type=&#8221;1_3&#8243;][et_pb_text admin_label=&#8221;S\u00f6k produkter&#8221; _builder_version=&#8221;3.11.1&#8243; text_font=&#8221;|600||on|||||&#8221; text_font_size=&#8221;24px&#8221; text_letter_spacing=&#8221;2px&#8221; text_line_height=&#8221;1.5em&#8221; text_orientation=&#8221;right&#8221; custom_margin=&#8221;||-5px|&#8221; background_layout=&#8221;dark&#8221;]<\/p>\n<p>S\u00f6k\u00a0produkter<\/p>\n<p>[\/et_pb_text][\/et_pb_column][et_pb_column type=&#8221;2_3&#8243;][et_pb_code admin_label=&#8221;S\u00f6kruta&#8221; _builder_version=&#8221;3.11.1&#8243; text_orientation=&#8221;center&#8221;]<div class=\"aws-container\" data-url=\"\/shop\/?wc-ajax=aws_action\" data-siteurl=\"https:\/\/www.evergreenkonstgras.se\/shop\" data-lang=\"\" data-show-loader=\"true\" data-show-more=\"true\" data-show-page=\"true\" data-ajax-search=\"true\" data-show-clear=\"false\" data-mobile-screen=\"false\" data-use-analytics=\"false\" data-min-chars=\"2\" data-buttons-order=\"1\" data-timeout=\"300\" data-is-mobile=\"false\" data-page-id=\"0\" data-tax=\"\" ><form class=\"aws-search-form\" action=\"https:\/\/www.evergreenkonstgras.se\/shop\/\" method=\"get\" role=\"search\" ><div class=\"aws-wrapper\"><label class=\"aws-search-label\" for=\"69ef2fe30ab54\">Skriv ett produktnamn...<\/label><input type=\"search\" name=\"s\" id=\"69ef2fe30ab54\" value=\"\" class=\"aws-search-field\" placeholder=\"Skriv ett produktnamn...\" autocomplete=\"off\" \/><input type=\"hidden\" name=\"post_type\" value=\"product\"><input type=\"hidden\" name=\"type_aws\" value=\"true\"><div class=\"aws-search-clear\"><span>\u00d7<\/span><\/div><div class=\"aws-loader\"><\/div><\/div><\/form><\/div>[\/et_pb_code][\/et_pb_column][\/et_pb_row][\/et_pb_section][et_pb_section bb_built=&#8221;1&#8243; specialty=&#8221;off&#8221; prev_background_color=&#8221;#ffffff&#8221; _builder_version=&#8221;3.11.1&#8243; next_background_color=&#8221;#ffffff&#8221; background_image=&#8221;https:\/\/www.evergreenkonstgras.se\/wp-content\/uploads\/2016\/08\/bg-darkgreen.jpg&#8221;][et_pb_row _builder_version=&#8221;3.11.1&#8243; custom_margin=&#8221;-30px|||&#8221;][et_pb_column type=&#8221;4_4&#8243;][et_pb_text admin_label=&#8221;Varf\u00f6r v\u00e4lja Evergreen?&#8221; _builder_version=&#8221;3.11.1&#8243; text_font=&#8221;|600||on|||||&#8221; text_font_size=&#8221;24px&#8221; text_letter_spacing=&#8221;2px&#8221; text_line_height=&#8221;1.5em&#8221; text_orientation=&#8221;center&#8221; custom_margin=&#8221;||-5px|&#8221; background_layout=&#8221;dark&#8221;]<\/p>\n<p>Varf\u00f6r v\u00e4lja Evergreen?<\/p>\n<p>[\/et_pb_text][\/et_pb_column][\/et_pb_row][et_pb_row _builder_version=&#8221;3.11.1&#8243; use_custom_gutter=&#8221;on&#8221; gutter_width=&#8221;2&#8243; custom_margin=&#8221;||-40px|&#8221;][et_pb_column type=&#8221;1_4&#8243;][et_pb_blurb admin_label=&#8221;H\u00f6g kvalitet&#8221; _builder_version=&#8221;3.11.1&#8243; title=&#8221;H\u00f6g kvalitet&#8221; use_icon=&#8221;on&#8221; font_icon=&#8221;%%171%%&#8221; use_circle=&#8221;on&#8221; icon_placement=&#8221;left&#8221; background_layout=&#8221;dark&#8221; use_icon_font_size=&#8221;on&#8221; icon_font_size=&#8221;36px&#8221; header_font=&#8221;|700|||||||&#8221; header_font_size=&#8221;21&#8243; header_line_height=&#8221;1.3em&#8221; animation=&#8221;off&#8221; custom_css_blurb_title=&#8221;padding-top: 10px;&#8221; circle_color=&#8221;#ffffff&#8221; icon_color=&#8221;#0c4f2e&#8221; \/][\/et_pb_column][et_pb_column type=&#8221;1_4&#8243;][et_pb_blurb admin_label=&#8221;Milj\u00f6v\u00e4nligt&#8221; _builder_version=&#8221;3.11.1&#8243; title=&#8221;Milj\u00f6v\u00e4nligt&#8221; use_icon=&#8221;on&#8221; font_icon=&#8221;%%309%%&#8221; use_circle=&#8221;on&#8221; icon_placement=&#8221;left&#8221; background_layout=&#8221;dark&#8221; use_icon_font_size=&#8221;on&#8221; icon_font_size=&#8221;36px&#8221; header_font=&#8221;|700|||||||&#8221; header_font_size=&#8221;21&#8243; header_line_height=&#8221;1.3em&#8221; animation=&#8221;off&#8221; custom_css_blurb_title=&#8221;padding-top: 10px;&#8221; circle_color=&#8221;#ffffff&#8221; icon_color=&#8221;#0c4f2e&#8221; \/][\/et_pb_column][et_pb_column type=&#8221;1_4&#8243;][et_pb_blurb admin_label=&#8221;H\u00f6g service&#8221; _builder_version=&#8221;3.11.1&#8243; title=&#8221;H\u00f6g service&#8221; use_icon=&#8221;on&#8221; font_icon=&#8221;%%173%%&#8221; use_circle=&#8221;on&#8221; circle_color=&#8221;#ffffff&#8221; icon_placement=&#8221;left&#8221; background_layout=&#8221;dark&#8221; use_icon_font_size=&#8221;on&#8221; icon_font_size=&#8221;36px&#8221; header_font=&#8221;|700|||||||&#8221; header_font_size=&#8221;21&#8243; header_line_height=&#8221;1.3em&#8221; animation=&#8221;off&#8221; custom_css_blurb_title=&#8221;padding-top: 10px;&#8221; icon_color=&#8221;#0c4f2e&#8221; \/][\/et_pb_column][et_pb_column type=&#8221;1_4&#8243;][et_pb_blurb admin_label=&#8221;5 \u00e5rs garanti&#8221; _builder_version=&#8221;3.11.1&#8243; title=&#8221;5 \u00e5rs garanti&#8221; use_icon=&#8221;on&#8221; font_icon=&#8221;%%45%%&#8221; use_circle=&#8221;on&#8221; circle_color=&#8221;#ffffff&#8221; icon_placement=&#8221;left&#8221; background_layout=&#8221;dark&#8221; use_icon_font_size=&#8221;on&#8221; icon_font_size=&#8221;36px&#8221; header_font=&#8221;|700|||||||&#8221; header_font_size=&#8221;21&#8243; header_line_height=&#8221;1.3em&#8221; animation=&#8221;off&#8221; custom_css_blurb_title=&#8221;padding-top: 10px;&#8221; circle_border_color=&#8221;#ffffff&#8221; icon_color=&#8221;#0c4f2e&#8221; \/][\/et_pb_column][\/et_pb_row][\/et_pb_section][et_pb_section bb_built=&#8221;1&#8243; fullwidth=&#8221;off&#8221; specialty=&#8221;off&#8221; prev_background_color=&#8221;#000000&#8243; next_background_color=&#8221;rgba(0,0,0,0.3)&#8221;][et_pb_row][et_pb_column type=&#8221;4_4&#8243;][et_pb_text admin_label=&#8221;Nya produkter&#8221; _builder_version=&#8221;3.11.1&#8243; text_font=&#8221;|600||on|||||&#8221; text_font_size=&#8221;24px&#8221; text_letter_spacing=&#8221;2px&#8221; text_line_height=&#8221;1.5em&#8221; text_orientation=&#8221;center&#8221; custom_margin=&#8221;||-5px|&#8221;]<\/p>\n<p>Nya produkter<\/p>\n<p>[\/et_pb_text][et_pb_divider _builder_version=&#8221;3.11.1&#8243; divider_position=&#8221;center&#8221; divider_weight=&#8221;5&#8243; max_width=&#8221;10%&#8221; module_alignment=&#8221;center&#8221; height=&#8221;40px&#8221; animation_style=&#8221;slide&#8221; animation_direction=&#8221;left&#8221; max_width_tablet=&#8221;20%&#8221; max_width_phone=&#8221;60%&#8221; max_width_last_edited=&#8221;on|phone&#8221; \/][et_pb_shop _builder_version=&#8221;3.11.1&#8243; posts_number=&#8221;6&#8243; columns_number=&#8221;3&#8243; price_font=&#8221;|600|||||||&#8221; price_font_size=&#8221;20&#8243; hover_overlay_color=&#8221;rgba(0,0,0,0.3)&#8221; hover_icon=&#8221;%%51%%&#8221; icon_hover_color=&#8221;#ffffff&#8221; orderby=&#8221;date-desc&#8221; title_font=&#8221;|700|||||||&#8221; title_font_size=&#8221;20&#8243; title_line_height=&#8221;1.3em&#8221; price_text_color=&#8221;#87bb40&#8243; \/][et_pb_button admin_label=&#8221;Knapp &#8211; Se fler produkter&#8221; _builder_version=&#8221;3.13.1&#8243; button_text=&#8221;Se fler produkter&#8221; button_url=&#8221;https:\/\/evergreenkonstgras.se\/shop\/produkter\/&#8221; button_alignment=&#8221;center&#8221; custom_button=&#8221;on&#8221; button_text_size=&#8221;24&#8243; button_text_color=&#8221;#ffffff&#8221; button_bg_color=&#8221;#87bb40&#8243; button_letter_spacing=&#8221;2&#8243; button_font=&#8221;|||on|||||&#8221; button_text_color_hover=&#8221;#ffffff&#8221; button_bg_color_hover=&#8221;#0c4f2e&#8221; button_letter_spacing_hover=&#8221;2&#8243; button_text_shadow_style=&#8221;preset5&#8243; button_use_icon=&#8221;off&#8221; button_text_shadow_horizontal_length=&#8221;0em&#8221; button_text_shadow_vertical_length=&#8221;0em&#8221; background_layout=&#8221;dark&#8221; button_text_size_phone=&#8221;18&#8243; button_text_size_last_edited=&#8221;on|phone&#8221; \/][\/et_pb_column][\/et_pb_row][\/et_pb_section][et_pb_section bb_built=&#8221;1&#8243; specialty=&#8221;off&#8221; prev_background_color=&#8221;#ffffff&#8221; _builder_version=&#8221;3.11.1&#8243; background_image=&#8221;https:\/\/www.evergreenkonstgras.se\/shop\/wp-content\/uploads\/2018\/05\/start-bakgrund.jpg&#8221; background_color=&#8221;rgba(0,0,0,0.3)&#8221; background_blend=&#8221;overlay&#8221; background_position=&#8221;bottom_center&#8221;][et_pb_row][et_pb_column type=&#8221;4_4&#8243;][et_pb_text _builder_version=&#8221;3.13.1&#8243; text_orientation=&#8221;center&#8221; background_layout=&#8221;dark&#8221; header_3_text_align=&#8221;center&#8221; header_5_text_align=&#8221;center&#8221; header_5_text_color=&#8221;#ffffff&#8221; header_5_font_size=&#8221;36px&#8221; header_5_line_height=&#8221;1.3em&#8221; header_5_font=&#8221;|300|||||||&#8221; header_5_font_size_phone=&#8221;30px&#8221; header_5_font_size_last_edited=&#8221;on|phone&#8221;]<\/p>\n<h5>Vill du veta mer om v\u00e5ra konstgr\u00e4sprodukter?<\/h5>\n<p>Eller vill du m\u00e5ttbest\u00e4lla n\u00e5gon av v\u00e5ra produkter (till ordinarie pris)?<\/p>\n<p>[\/et_pb_text][et_pb_button _builder_version=&#8221;3.13.1&#8243; button_text=&#8221;Kontakta oss&#8221; button_url=&#8221;https:\/\/evergreenkonstgras.se\/shop\/kontakt\/&#8221; button_alignment=&#8221;center&#8221; custom_button=&#8221;on&#8221; button_text_color=&#8221;#87bb40&#8243; button_bg_color=&#8221;#ffffff&#8221; button_letter_spacing=&#8221;2&#8243; button_font=&#8221;|||on|||||&#8221; button_text_color_hover=&#8221;#ffffff&#8221; button_bg_color_hover=&#8221;#87bb40&#8243; button_letter_spacing_hover=&#8221;2&#8243; button_text_shadow_style=&#8221;preset5&#8243; button_use_icon=&#8221;off&#8221; button_text_shadow_horizontal_length=&#8221;0em&#8221; button_text_shadow_vertical_length=&#8221;0em&#8221; button_text_size=&#8221;21&#8243; \/][\/et_pb_column][\/et_pb_row][\/et_pb_section]<\/p>\n","protected":false},"excerpt":{"rendered":"<p>Evergreen Shop Fynda konstgr\u00e4s till bra priser Alltifr\u00e5n mindre stuvbitar till 100 m\u00b2 I v\u00e5r webbshop kan du fynda konstgr\u00e4s av h\u00f6gsta kvalitet till din tr\u00e4dg\u00e5rd, sportplaner, f\u00f6retaget eller offentliga milj\u00f6er. Vi har produkter f\u00f6r b\u00e5de st\u00f6rre och mindre ytor &#8211; och alltid till bra priser. Och hittar du inte en storlek som passar s\u00e5 [&hellip;]<\/p>\n","protected":false},"author":1,"featured_media":0,"parent":0,"menu_order":0,"comment_status":"closed","ping_status":"closed","template":"","meta":{"_et_pb_use_builder":"on","_et_pb_old_content":"<p>This is an example page. It's different from a blog post because it will stay in one place and will show up in your site navigation (in most themes). Most people start with an About page that introduces them to potential site visitors. It might say something like this:<\/p><blockquote><p>Hi there! I'm a bike messenger by day, aspiring actor by night, and this is my website. I live in Los Angeles, have a great dog named Jack, and I like pi\u00f1a coladas. (And gettin' caught in the rain.)<\/p><\/blockquote><p>...or something like this:<\/p><blockquote><p>The XYZ Doohickey Company was founded in 1971, and has been providing quality doohickeys to the public ever since. Located in Gotham City, XYZ employs over 2,000 people and does all kinds of awesome things for the Gotham community.<\/p><\/blockquote><p>As a new WordPress user, you should go to <a href=\"https:\/\/evergreenkonstgras.se\/shop\/wp-admin\/\">your dashboard<\/a> to delete this page and create new pages for your content. Have fun!<\/p>","_et_gb_content_width":"","footnotes":""},"class_list":["post-2","page","type-page","status-publish","hentry"],"jetpack-related-posts":[],"jetpack_sharing_enabled":true,"_links":{"self":[{"href":"https:\/\/www.evergreenkonstgras.se\/shop\/wp-json\/wp\/v2\/pages\/2","targetHints":{"allow":["GET"]}}],"collection":[{"href":"https:\/\/www.evergreenkonstgras.se\/shop\/wp-json\/wp\/v2\/pages"}],"about":[{"href":"https:\/\/www.evergreenkonstgras.se\/shop\/wp-json\/wp\/v2\/types\/page"}],"author":[{"embeddable":true,"href":"https:\/\/www.evergreenkonstgras.se\/shop\/wp-json\/wp\/v2\/users\/1"}],"replies":[{"embeddable":true,"href":"https:\/\/www.evergreenkonstgras.se\/shop\/wp-json\/wp\/v2\/comments?post=2"}],"version-history":[{"count":18,"href":"https:\/\/www.evergreenkonstgras.se\/shop\/wp-json\/wp\/v2\/pages\/2\/revisions"}],"predecessor-version":[{"id":828,"href":"https:\/\/www.evergreenkonstgras.se\/shop\/wp-json\/wp\/v2\/pages\/2\/revisions\/828"}],"wp:attachment":[{"href":"https:\/\/www.evergreenkonstgras.se\/shop\/wp-json\/wp\/v2\/media?parent=2"}],"curies":[{"name":"wp","href":"https:\/\/api.w.org\/{rel}","templated":true}]}}