{"id":1275,"date":"2020-03-04T14:25:48","date_gmt":"2020-03-04T14:25:48","guid":{"rendered":"https:\/\/www.evergreenkonstgras.se\/shop\/?post_type=product&#038;p=1275"},"modified":"2022-11-21T21:31:45","modified_gmt":"2022-11-21T21:31:45","slug":"sviktmatta-fallskydd-20-mm-pris-per-styck","status":"publish","type":"product","link":"https:\/\/www.evergreenkonstgras.se\/shop\/produkt\/sviktmatta-fallskydd-20-mm-pris-per-styck\/","title":{"rendered":"ProPlay Sport Sviktmatta\/Fallskydd 20 mm pris per kvm"},"content":{"rendered":"<p>[et_pb_section fb_built=&#8221;1&#8243; _builder_version=&#8221;4.16&#8243; custom_padding=&#8221;0px||||false|false&#8221; global_colors_info=&#8221;{}&#8221;][et_pb_row _builder_version=&#8221;4.16&#8243; background_size=&#8221;initial&#8221; background_position=&#8221;top_left&#8221; background_repeat=&#8221;repeat&#8221; width=&#8221;100%&#8221; custom_padding=&#8221;0px||0px||false|false&#8221; global_colors_info=&#8221;{}&#8221;][et_pb_column type=&#8221;4_4&#8243; _builder_version=&#8221;4.16&#8243; custom_padding=&#8221;|||&#8221; global_colors_info=&#8221;{}&#8221; custom_padding__hover=&#8221;|||&#8221;][et_pb_wc_breadcrumb _builder_version=&#8221;4.16&#8243; global_colors_info=&#8221;{}&#8221;][\/et_pb_wc_breadcrumb][et_pb_wc_cart_notice _builder_version=&#8221;4.16&#8243; global_colors_info=&#8221;{}&#8221;][\/et_pb_wc_cart_notice][\/et_pb_column][\/et_pb_row][et_pb_row column_structure=&#8221;1_2,1_2&#8243; _builder_version=&#8221;4.16&#8243; background_size=&#8221;initial&#8221; background_position=&#8221;top_left&#8221; background_repeat=&#8221;repeat&#8221; width=&#8221;100%&#8221; custom_padding=&#8221;0px||||false|false&#8221; global_colors_info=&#8221;{}&#8221;][et_pb_column type=&#8221;1_2&#8243; _builder_version=&#8221;4.16&#8243; custom_padding=&#8221;|||&#8221; global_colors_info=&#8221;{}&#8221; custom_padding__hover=&#8221;|||&#8221;][et_pb_wc_images _builder_version=&#8221;4.16&#8243; global_colors_info=&#8221;{}&#8221;][\/et_pb_wc_images][\/et_pb_column][et_pb_column type=&#8221;1_2&#8243; _builder_version=&#8221;4.16&#8243; custom_padding=&#8221;|||&#8221; global_colors_info=&#8221;{}&#8221; custom_padding__hover=&#8221;|||&#8221;][et_pb_wc_title _builder_version=&#8221;4.16&#8243; global_colors_info=&#8221;{}&#8221;][\/et_pb_wc_title][et_pb_wc_rating _builder_version=&#8221;4.16&#8243; global_colors_info=&#8221;{}&#8221;][\/et_pb_wc_rating][et_pb_wc_price _builder_version=&#8221;4.16&#8243; global_colors_info=&#8221;{}&#8221;][\/et_pb_wc_price][et_pb_wc_description _builder_version=&#8221;4.16&#8243; global_colors_info=&#8221;{}&#8221;][\/et_pb_wc_description][et_pb_wc_add_to_cart _builder_version=&#8221;4.16&#8243; global_colors_info=&#8221;{}&#8221;][\/et_pb_wc_add_to_cart][et_pb_wc_meta _builder_version=&#8221;4.16&#8243; global_colors_info=&#8221;{}&#8221;][\/et_pb_wc_meta][\/et_pb_column][\/et_pb_row][et_pb_row _builder_version=&#8221;4.16&#8243; background_size=&#8221;initial&#8221; background_position=&#8221;top_left&#8221; background_repeat=&#8221;repeat&#8221; width=&#8221;100%&#8221; global_colors_info=&#8221;{}&#8221;][et_pb_column type=&#8221;4_4&#8243; _builder_version=&#8221;4.16&#8243; custom_padding=&#8221;|||&#8221; global_colors_info=&#8221;{}&#8221; custom_padding__hover=&#8221;|||&#8221;][et_pb_wc_tabs _builder_version=&#8221;4.16&#8243; global_colors_info=&#8221;{}&#8221;]\t\t\t\t\t[\/et_pb_wc_tabs][et_pb_wc_upsells _builder_version=&#8221;4.16&#8243; global_colors_info=&#8221;{}&#8221;][\/et_pb_wc_upsells][et_pb_wc_related_products _builder_version=&#8221;4.16&#8243; global_colors_info=&#8221;{}&#8221;][\/et_pb_wc_related_products][\/et_pb_column][\/et_pb_row][\/et_pb_section][et_pb_section fb_built=&#8221;1&#8243; _builder_version=&#8221;4.16&#8243; background_color=&#8221;#f5f5f5&#8243; global_colors_info=&#8221;{}&#8221;][et_pb_row _builder_version=&#8221;4.16&#8243; custom_margin=&#8221;20px||-30px|&#8221; global_colors_info=&#8221;{}&#8221;][et_pb_column type=&#8221;4_4&#8243; _builder_version=&#8221;4.16&#8243; custom_padding=&#8221;|||&#8221; global_colors_info=&#8221;{}&#8221; custom_padding__hover=&#8221;|||&#8221;][et_pb_text _builder_version=&#8221;4.16&#8243; link_font=&#8221;|700|||||||&#8221; global_colors_info=&#8221;{}&#8221;]<\/p>\n<h3 style=\"margin-top: -40px;\">K\u00f6pinformation:<\/h3>\n<p>Pris inklusive 25 procent moms. Betalning sker via Swish eller faktura. Fraktkostnad tillkommer i efterhand. Du har ocks\u00e5 m\u00f6jlighet att kostnadsfritt sj\u00e4lv h\u00e4mta produkten fr\u00e5n v\u00e5rt lager i T\u00e4by.<\/p>\n<h3>Om produkten:<\/h3>\n<p>Sviktmatta ProPlay-MP 18 mm l\u00e4ggs under konstgr\u00e4set f\u00f6r en mjuk och sk\u00f6n k\u00e4nsla. Varje ark \u00e4r 2,25 x 0,9 meter och de monteras enkelt ihop i ett \u201cklick\u201d-system. Sviktmattan \u00e4r dr\u00e4nerande och sl\u00e4pper igenom regnvatten.<\/p>\n<p>Den \u00e4r ocks\u00e5 milj\u00f6godk\u00e4nd och testad f\u00f6r att motst\u00e5 mikrobiologiska \u00e4mnen. Den uppskattade livsl\u00e4ngden \u00e4r minst 100 \u00e5r och sviktmattan \u00e4r testad f\u00f6r simulerad mekanisk utmattning d\u00e4r man efter motsvarande 30 \u00e5rs anv\u00e4ndning inte kan se n\u00e5gra f\u00f6r\u00e4ndringar i materialets egenskaper.<br \/>\n[\/et_pb_text][et_pb_blurb url=&#8221;https:\/\/evergreenkonstgras.se\/shop\/produkt-kategori\/desert-18\/&#8221; use_icon=&#8221;on&#8221; font_icon=&#8221;&#x24;||divi||400&#8243; icon_placement=&#8221;left&#8221; image_icon_width=&#8221;30px&#8221; admin_label=&#8221;Hitta fler&#8221; _builder_version=&#8221;4.16&#8243; body_font=&#8221;|700|||||||&#8221; body_text_color=&#8221;#87bb40&#8243; animation=&#8221;off&#8221; icon_font_size=&#8221;30px&#8221; global_colors_info=&#8221;{}&#8221;]<a href=\"https:\/\/evergreenkonstgras.se\/shop\/produkt-kategori\/tillbehor\/\">Hitta fler tillbeh\u00f6r<\/a><br \/>\n[\/et_pb_blurb][\/et_pb_column][\/et_pb_row][\/et_pb_section]<\/p>\n","protected":false},"excerpt":{"rendered":"<p><strong>Tjocklek:<\/strong> 20 mm<br \/>\n<strong>Storlek ark:<\/strong> 2,25 x 0,9 meter<br \/>\n<strong>Material:<\/strong> Polyetylen<br \/>\n<strong>Vikt:<\/strong> 3,1 kg\/m\u00b2<br \/>\n<strong>Dr\u00e4nering:<\/strong> 72 000 mm\/timme<\/p>\n<p><strong>Pris per ark:<\/strong> 434 kr\/st<\/p>\n<p><strong>Fallskydd huvudskador:<\/strong> 0.68 meter<\/p>\n<p>ProPlay\u00ae-Sport \u00e4r en h\u00f6gpresterande dr\u00e4nerande sviktmatta\/pad med ett fallskydd p\u00e5 68 cm. Det \u00e4r den perfekta basen f\u00f6r konstgr\u00e4sinstallationer till bl.a.<br \/>\nSportarenor, multisportytor, och lekplatser<\/p>\n<p>ProPlay\u00ae-Sport20 \u00e4r tillverkat av korsl\u00e4nkad PEX (polyetylene) skum och med slutna celler. Materialet inneh\u00e5ller inga k\u00e4nda gifter eller h\u00e4lsov\u00e5dliga \u00e4mnen.<\/p>\n<p>ProPlay\u00ae-Sport fungerar i alla v\u00e4derlekar och produkten \u00e4r vida k\u00e4nd f\u00f6r sina goda dr\u00e4neringsegenskaper.<\/p>\n<p>ProPlay\u00ae-Sport \u00e4r klassificerat och \u00f6verensst\u00e4mmer med:<br \/>\n\u2022 EU reglerna:<br \/>\n&#8211; Regulation No 1272\/2008 of the European Parliament and<br \/>\nof the Council on Classification, Labelling and Packaging<br \/>\nof substances and mixtures (CLP).<br \/>\n&#8211; Regulation (EC) No 1907\/2006 of the European Parliament<br \/>\nand of the Council on the Registration, Evaluation,<br \/>\nAuthorisation and Restriction of Chemicals (REACH).<br \/>\n\u2022 The state of California\u2019s Code of Regulations (CCR):<br \/>\n\u2013 Title 22 \u2018Social Security\u2019 \u2013 Division 4.5 \u2018Environmental<br \/>\nHealth Standards for the Management of Hazardous Waste\u2019.<br \/>\n&#8211; Title 27 \u2018Environmental Protection\u2019 &#8211; Division 4 \u2018Office of<br \/>\nEnvironmental Health Hazard Assesment\u2019 &#8211; Chapter 1<br \/>\n\u2018Safe Drinking Water and Toxic Enforcement Act of 1986\u2019<br \/>\n(Proposition 65).<br \/>\n\u2022 Toxicology requirements from ESTC (ESTO) shock pad<br \/>\nWorking Group\u2019s \u2018Performance Guide for shock pad\u2019.<\/p>\n","protected":false},"featured_media":1276,"template":"","meta":{"_et_pb_use_builder":"on","_et_pb_old_content":"","_et_gb_content_width":""},"product_brand":[],"product_cat":[61],"product_tag":[134,133,131],"class_list":{"0":"post-1275","1":"product","2":"type-product","3":"status-publish","4":"has-post-thumbnail","6":"product_cat-tillbehor","7":"product_tag-pad","8":"product_tag-sviktmatta","9":"product_tag-tillbehor","10":"product_shipping_class-frakt-tillkommer","12":"first","13":"instock","14":"taxable","15":"shipping-taxable","16":"purchasable","17":"product-type-simple"},"jetpack-related-posts":[],"jetpack_sharing_enabled":true,"_links":{"self":[{"href":"https:\/\/www.evergreenkonstgras.se\/shop\/wp-json\/wp\/v2\/product\/1275","targetHints":{"allow":["GET"]}}],"collection":[{"href":"https:\/\/www.evergreenkonstgras.se\/shop\/wp-json\/wp\/v2\/product"}],"about":[{"href":"https:\/\/www.evergreenkonstgras.se\/shop\/wp-json\/wp\/v2\/types\/product"}],"wp:featuredmedia":[{"embeddable":true,"href":"https:\/\/www.evergreenkonstgras.se\/shop\/wp-json\/wp\/v2\/media\/1276"}],"wp:attachment":[{"href":"https:\/\/www.evergreenkonstgras.se\/shop\/wp-json\/wp\/v2\/media?parent=1275"}],"wp:term":[{"taxonomy":"product_brand","embeddable":true,"href":"https:\/\/www.evergreenkonstgras.se\/shop\/wp-json\/wp\/v2\/product_brand?post=1275"},{"taxonomy":"product_cat","embeddable":true,"href":"https:\/\/www.evergreenkonstgras.se\/shop\/wp-json\/wp\/v2\/product_cat?post=1275"},{"taxonomy":"product_tag","embeddable":true,"href":"https:\/\/www.evergreenkonstgras.se\/shop\/wp-json\/wp\/v2\/product_tag?post=1275"}],"curies":[{"name":"wp","href":"https:\/\/api.w.org\/{rel}","templated":true}]}}