{"id":1568,"date":"2020-08-21T12:21:36","date_gmt":"2020-08-21T12:21:36","guid":{"rendered":"https:\/\/www.evergreenkonstgras.se\/shop\/?post_type=product&#038;p=1568"},"modified":"2022-05-21T22:05:14","modified_gmt":"2022-05-21T22:05:14","slug":"lily-rose-w40-280-x-200","status":"publish","type":"product","link":"https:\/\/www.evergreenkonstgras.se\/shop\/produkt\/lily-rose-w40-280-x-200\/","title":{"rendered":"Lily Rose W40 \u2022 280 x 200 cm"},"content":{"rendered":"<p>[et_pb_section fb_built=&#8221;1&#8243; _builder_version=&#8221;4.16&#8243; custom_padding=&#8221;0px||||false|false&#8221; global_colors_info=&#8221;{}&#8221;][et_pb_row _builder_version=&#8221;4.16&#8243; background_size=&#8221;initial&#8221; background_position=&#8221;top_left&#8221; background_repeat=&#8221;repeat&#8221; width=&#8221;100%&#8221; custom_padding=&#8221;0px||0px||false|false&#8221; global_colors_info=&#8221;{}&#8221;][et_pb_column type=&#8221;4_4&#8243; _builder_version=&#8221;4.16&#8243; custom_padding=&#8221;|||&#8221; global_colors_info=&#8221;{}&#8221; custom_padding__hover=&#8221;|||&#8221;][et_pb_wc_breadcrumb _builder_version=&#8221;4.16&#8243; global_colors_info=&#8221;{}&#8221;][\/et_pb_wc_breadcrumb][et_pb_wc_cart_notice _builder_version=&#8221;4.16&#8243; global_colors_info=&#8221;{}&#8221;][\/et_pb_wc_cart_notice][\/et_pb_column][\/et_pb_row][et_pb_row column_structure=&#8221;1_2,1_2&#8243; _builder_version=&#8221;4.16&#8243; background_size=&#8221;initial&#8221; background_position=&#8221;top_left&#8221; background_repeat=&#8221;repeat&#8221; width=&#8221;100%&#8221; custom_padding=&#8221;0px||||false|false&#8221; global_colors_info=&#8221;{}&#8221;][et_pb_column type=&#8221;1_2&#8243; _builder_version=&#8221;4.16&#8243; custom_padding=&#8221;|||&#8221; global_colors_info=&#8221;{}&#8221; custom_padding__hover=&#8221;|||&#8221;][et_pb_wc_images _builder_version=&#8221;4.16&#8243; global_colors_info=&#8221;{}&#8221;][\/et_pb_wc_images][\/et_pb_column][et_pb_column type=&#8221;1_2&#8243; _builder_version=&#8221;4.16&#8243; custom_padding=&#8221;|||&#8221; global_colors_info=&#8221;{}&#8221; custom_padding__hover=&#8221;|||&#8221;][et_pb_wc_title _builder_version=&#8221;4.16&#8243; global_colors_info=&#8221;{}&#8221;][\/et_pb_wc_title][et_pb_wc_rating _builder_version=&#8221;4.16&#8243; global_colors_info=&#8221;{}&#8221;][\/et_pb_wc_rating][et_pb_wc_price _builder_version=&#8221;4.16&#8243; global_colors_info=&#8221;{}&#8221;][\/et_pb_wc_price][et_pb_wc_description _builder_version=&#8221;4.16&#8243; global_colors_info=&#8221;{}&#8221;][\/et_pb_wc_description][et_pb_wc_add_to_cart _builder_version=&#8221;4.16&#8243; global_colors_info=&#8221;{}&#8221;][\/et_pb_wc_add_to_cart][et_pb_wc_meta _builder_version=&#8221;4.16&#8243; global_colors_info=&#8221;{}&#8221;][\/et_pb_wc_meta][\/et_pb_column][\/et_pb_row][et_pb_row _builder_version=&#8221;4.16&#8243; background_size=&#8221;initial&#8221; background_position=&#8221;top_left&#8221; background_repeat=&#8221;repeat&#8221; width=&#8221;100%&#8221; global_colors_info=&#8221;{}&#8221;][et_pb_column type=&#8221;4_4&#8243; _builder_version=&#8221;4.16&#8243; custom_padding=&#8221;|||&#8221; global_colors_info=&#8221;{}&#8221; custom_padding__hover=&#8221;|||&#8221;][et_pb_wc_tabs _builder_version=&#8221;4.16&#8243; global_colors_info=&#8221;{}&#8221;]\t\t\t\t\t[\/et_pb_wc_tabs][et_pb_wc_upsells _builder_version=&#8221;4.16&#8243; global_colors_info=&#8221;{}&#8221;][\/et_pb_wc_upsells][et_pb_wc_related_products _builder_version=&#8221;4.16&#8243; global_colors_info=&#8221;{}&#8221;][\/et_pb_wc_related_products][\/et_pb_column][\/et_pb_row][\/et_pb_section][et_pb_section fb_built=&#8221;1&#8243; _builder_version=&#8221;4.16&#8243; background_color=&#8221;#f5f5f5&#8243; global_colors_info=&#8221;{}&#8221;][et_pb_row _builder_version=&#8221;4.16&#8243; custom_margin=&#8221;20px||-30px|&#8221; global_colors_info=&#8221;{}&#8221;][et_pb_column type=&#8221;4_4&#8243; _builder_version=&#8221;4.16&#8243; custom_padding=&#8221;|||&#8221; global_colors_info=&#8221;{}&#8221; custom_padding__hover=&#8221;|||&#8221;][et_pb_text _builder_version=&#8221;4.16&#8243; link_font=&#8221;|700|||||||&#8221; global_colors_info=&#8221;{}&#8221;]<\/p>\n<h3 style=\"margin-top: -40px;\">K\u00f6pinformation:<\/h3>\n<p>Pris inklusive 25 procent moms. Betalning sker via Swish eller faktura. Fraktkostnad tillkommer i efterhand. Du har ocks\u00e5 m\u00f6jlighet att kostnadsfritt sj\u00e4lv h\u00e4mta produkten fr\u00e5n v\u00e5rt lager i T\u00e4by.<\/p>\n<h3>M\u00e5ttbest\u00e4llning?<\/h3>\n<p>Vill du m\u00e5ttbest\u00e4lla <strong>Lily Rose W40<\/strong> (till ordinarie pris)? V\u00e4lkommen att kontakta oss p\u00e5 <a href=\"&#109;&#x61;i&#108;&#x74;o&#58;&#x6b;o&#x6e;&#x74;&#97;&#x6b;t&#64;&#x65;v&#101;&#x72;g&#x72;&#x65;&#101;&#x6e;&#x6b;&#111;&#x6e;s&#116;&#x67;r&#97;&#x73;&#46;&#x73;&#x65;\">&#107;o&#x6e;t&#x61;k&#x74;&#64;&#x65;v&#x65;r&#x67;&#114;&#x65;&#101;&#x6e;&#107;&#x6f;&#110;&#x73;&#116;&#x67;&#114;&#x61;&#115;&#46;&#x73;e<\/a> f\u00f6r offert.<\/p>\n<h3>Om produkten:<\/h3>\n<p>En nyhet 2018 med mycket bra egenskaper. Str\u00e5h\u00f6jden p\u00e5 40 mm g\u00f6r att Lily Rose W40 uppfattas som naturligt och extremt mjukt.<\/p>\n<p><strong>Anv\u00e4ndningsomr\u00e5den:<\/strong> Hemma, tr\u00e4dg\u00e5rd, innerg\u00e5rdar, balkonger, offentliga milj\u00f6er, skolor, f\u00f6retag inom- och utomhus, swimmingpooler<br \/>\n<strong>Str\u00e5material:<\/strong> 60% polyeten + 40% polypropen<br \/>\n<strong>Vikt:<\/strong> 2,9 kg\/m\u00b2<br \/>\n<strong>Fyllning:<\/strong> Rekommenderas 5 kg kiselsand per m\u00b2<br \/>\n<strong>Garanti:<\/strong> 5 \u00e5r<br \/>\n<strong>Tillverkningsland:<\/strong> Belgien<br \/>\n[\/et_pb_text][et_pb_blurb url=&#8221;https:\/\/evergreenkonstgras.se\/shop\/produkt-kategori\/lily-rose-w40\/&#8221; use_icon=&#8221;on&#8221; font_icon=&#8221;&#x24;||divi||400&#8243; icon_placement=&#8221;left&#8221; image_icon_width=&#8221;30px&#8221; admin_label=&#8221;Hitta fler&#8221; _builder_version=&#8221;4.16&#8243; body_font=&#8221;|700|||||||&#8221; body_text_color=&#8221;#87bb40&#8243; animation=&#8221;off&#8221; icon_font_size=&#8221;30px&#8221; global_colors_info=&#8221;{}&#8221;]<a href=\"https:\/\/evergreenkonstgras.se\/shop\/produkt-kategori\/lily-rose-w40\/\">Hitta fler produkter av modell Lily Rose W40<\/a><br \/>\n[\/et_pb_blurb][\/et_pb_column][\/et_pb_row][\/et_pb_section]<\/p>\n","protected":false},"excerpt":{"rendered":"<p><strong>L\u00e4ngd:<\/strong> 280 cm<br \/>\n<strong>Bredd:<\/strong> 200 cm<br \/>\n<strong>Antal m\u00b2:<\/strong> 5.6<br \/>\n<strong>Str\u00e5h\u00f6jd:<\/strong> 40 mm<br \/>\n<strong>Ord. pris per m\u00b2:<\/strong> 465 kr<br \/>\n<strong>Produktgrupp:<\/strong> <a href=\"https:\/\/www.evergreenkonstgras.se\/shop\/evergreen-long-grass-series\/\">Evergreen Long Grass Series<\/a><br \/>\n<strong>Kategori:<\/strong>\u00a0<a href=\"https:\/\/www.evergreenkonstgras.se\/shop\/exclusive\/\">Exclusive<\/a><\/p>\n","protected":false},"featured_media":378,"template":"","meta":{"_et_pb_use_builder":"on","_et_pb_old_content":"","_et_gb_content_width":""},"product_brand":[],"product_cat":[42],"product_tag":[40,31],"class_list":{"0":"post-1568","1":"product","2":"type-product","3":"status-publish","4":"has-post-thumbnail","6":"product_cat-lily-rose-w40","7":"product_tag-evergreen-long-grass-series","8":"product_tag-exclusive","9":"product_shipping_class-frakt-tillkommer","11":"first","12":"instock","13":"sale","14":"sold-individually","15":"taxable","16":"shipping-taxable","17":"purchasable","18":"product-type-simple"},"jetpack-related-posts":[],"jetpack_sharing_enabled":true,"_links":{"self":[{"href":"https:\/\/www.evergreenkonstgras.se\/shop\/wp-json\/wp\/v2\/product\/1568","targetHints":{"allow":["GET"]}}],"collection":[{"href":"https:\/\/www.evergreenkonstgras.se\/shop\/wp-json\/wp\/v2\/product"}],"about":[{"href":"https:\/\/www.evergreenkonstgras.se\/shop\/wp-json\/wp\/v2\/types\/product"}],"wp:featuredmedia":[{"embeddable":true,"href":"https:\/\/www.evergreenkonstgras.se\/shop\/wp-json\/wp\/v2\/media\/378"}],"wp:attachment":[{"href":"https:\/\/www.evergreenkonstgras.se\/shop\/wp-json\/wp\/v2\/media?parent=1568"}],"wp:term":[{"taxonomy":"product_brand","embeddable":true,"href":"https:\/\/www.evergreenkonstgras.se\/shop\/wp-json\/wp\/v2\/product_brand?post=1568"},{"taxonomy":"product_cat","embeddable":true,"href":"https:\/\/www.evergreenkonstgras.se\/shop\/wp-json\/wp\/v2\/product_cat?post=1568"},{"taxonomy":"product_tag","embeddable":true,"href":"https:\/\/www.evergreenkonstgras.se\/shop\/wp-json\/wp\/v2\/product_tag?post=1568"}],"curies":[{"name":"wp","href":"https:\/\/api.w.org\/{rel}","templated":true}]}}