{"id":2168,"date":"2022-05-22T18:18:19","date_gmt":"2022-05-22T18:18:19","guid":{"rendered":"https:\/\/www.evergreenkonstgras.se\/shop\/?post_type=product&#038;p=2168"},"modified":"2025-07-29T13:11:08","modified_gmt":"2025-07-29T13:11:08","slug":"master-play-15-200-x-200-cm","status":"publish","type":"product","link":"https:\/\/www.evergreenkonstgras.se\/shop\/produkt\/master-play-15-200-x-200-cm\/","title":{"rendered":"MASTER Play 15  \u2022 200 x 200 cm"},"content":{"rendered":"<p>[et_pb_section fb_built=&#8221;1&#8243; _builder_version=&#8221;4.16&#8243; custom_padding=&#8221;0px||||false|false&#8221; global_colors_info=&#8221;{}&#8221;][et_pb_row _builder_version=&#8221;4.16&#8243; background_size=&#8221;initial&#8221; background_position=&#8221;top_left&#8221; background_repeat=&#8221;repeat&#8221; width=&#8221;100%&#8221; custom_padding=&#8221;0px||0px||false|false&#8221; global_colors_info=&#8221;{}&#8221;][et_pb_column type=&#8221;4_4&#8243; _builder_version=&#8221;4.16&#8243; custom_padding=&#8221;|||&#8221; global_colors_info=&#8221;{}&#8221; custom_padding__hover=&#8221;|||&#8221;][et_pb_wc_breadcrumb _builder_version=&#8221;4.16&#8243; global_colors_info=&#8221;{}&#8221;][\/et_pb_wc_breadcrumb][et_pb_wc_cart_notice _builder_version=&#8221;4.16&#8243; global_colors_info=&#8221;{}&#8221;][\/et_pb_wc_cart_notice][\/et_pb_column][\/et_pb_row][et_pb_row column_structure=&#8221;1_2,1_2&#8243; _builder_version=&#8221;4.16&#8243; background_size=&#8221;initial&#8221; background_position=&#8221;top_left&#8221; background_repeat=&#8221;repeat&#8221; width=&#8221;100%&#8221; custom_padding=&#8221;0px||||false|false&#8221; global_colors_info=&#8221;{}&#8221;][et_pb_column type=&#8221;1_2&#8243; _builder_version=&#8221;4.16&#8243; custom_padding=&#8221;|||&#8221; global_colors_info=&#8221;{}&#8221; custom_padding__hover=&#8221;|||&#8221;][et_pb_wc_images _builder_version=&#8221;4.16&#8243; global_colors_info=&#8221;{}&#8221;][\/et_pb_wc_images][\/et_pb_column][et_pb_column type=&#8221;1_2&#8243; _builder_version=&#8221;4.16&#8243; custom_padding=&#8221;|||&#8221; global_colors_info=&#8221;{}&#8221; custom_padding__hover=&#8221;|||&#8221;][et_pb_wc_title _builder_version=&#8221;4.16&#8243; global_colors_info=&#8221;{}&#8221;][\/et_pb_wc_title][et_pb_wc_rating _builder_version=&#8221;4.16&#8243; global_colors_info=&#8221;{}&#8221;][\/et_pb_wc_rating][et_pb_wc_price _builder_version=&#8221;4.16&#8243; global_colors_info=&#8221;{}&#8221;][\/et_pb_wc_price][et_pb_wc_description _builder_version=&#8221;4.16&#8243; global_colors_info=&#8221;{}&#8221;][\/et_pb_wc_description][et_pb_wc_add_to_cart _builder_version=&#8221;4.16&#8243; global_colors_info=&#8221;{}&#8221;][\/et_pb_wc_add_to_cart][et_pb_wc_meta _builder_version=&#8221;4.16&#8243; global_colors_info=&#8221;{}&#8221;][\/et_pb_wc_meta][\/et_pb_column][\/et_pb_row][et_pb_row _builder_version=&#8221;4.16&#8243; background_size=&#8221;initial&#8221; background_position=&#8221;top_left&#8221; background_repeat=&#8221;repeat&#8221; width=&#8221;100%&#8221; global_colors_info=&#8221;{}&#8221;][et_pb_column type=&#8221;4_4&#8243; _builder_version=&#8221;4.16&#8243; custom_padding=&#8221;|||&#8221; global_colors_info=&#8221;{}&#8221; custom_padding__hover=&#8221;|||&#8221;][et_pb_wc_tabs _builder_version=&#8221;4.16&#8243; global_colors_info=&#8221;{}&#8221;]\t\t\t\t\t[\/et_pb_wc_tabs][et_pb_wc_upsells _builder_version=&#8221;4.16&#8243; global_colors_info=&#8221;{}&#8221;][\/et_pb_wc_upsells][et_pb_wc_related_products _builder_version=&#8221;4.16&#8243; global_colors_info=&#8221;{}&#8221;][\/et_pb_wc_related_products][\/et_pb_column][\/et_pb_row][\/et_pb_section][et_pb_section fb_built=&#8221;1&#8243; _builder_version=&#8221;4.16&#8243; background_color=&#8221;#f5f5f5&#8243; global_colors_info=&#8221;{}&#8221;][et_pb_row _builder_version=&#8221;4.16&#8243; custom_margin=&#8221;20px||-30px|&#8221; global_colors_info=&#8221;{}&#8221;][et_pb_column type=&#8221;4_4&#8243; _builder_version=&#8221;4.16&#8243; custom_padding=&#8221;|||&#8221; global_colors_info=&#8221;{}&#8221; custom_padding__hover=&#8221;|||&#8221;][et_pb_text _builder_version=&#8221;4.16&#8243; link_font=&#8221;|700|||||||&#8221; global_colors_info=&#8221;{}&#8221;]<\/p>\n<h3 style=\"margin-top: -40px;\">K\u00f6pinformation:<\/h3>\n<p>Pris inklusive 25 procent moms. Betalning sker via Swish eller faktura. Fraktkostnad tillkommer i efterhand. Du har ocks\u00e5 m\u00f6jlighet att kostnadsfritt sj\u00e4lv h\u00e4mta produkten fr\u00e5n v\u00e5rt lager i T\u00e4by.<\/p>\n<h3>M\u00e5ttbest\u00e4llning?<\/h3>\n<p>Vill du m\u00e5ttbest\u00e4lla <strong>UEFA 30s non-fill<\/strong> (till ordinarie pris)? V\u00e4lkommen att kontakta oss p\u00e5 <a href=\"&#109;&#x61;&#105;&#x6c;t&#x6f;:&#107;&#x6f;&#110;&#x74;a&#x6b;t&#64;&#x65;&#118;&#x65;r&#x67;r&#101;&#x65;&#110;&#x6b;o&#x6e;s&#116;&#x67;&#114;&#x61;s&#x2e;s&#101;\">&#107;&#x6f;&#110;&#x74;&#97;&#x6b;&#116;&#x40;&#101;&#x76;&#101;&#x72;&#103;&#x72;&#101;&#x65;&#110;&#x6b;&#111;&#x6e;&#115;&#x74;&#103;&#x72;&#97;&#x73;&#46;&#x73;e<\/a> f\u00f6r offert.<\/p>\n<h3>Om produkten:<\/h3>\n<p>UEFA 30s \u00e4r ett specialgr\u00e4s f\u00f6r fotboll som inte ska granulatfyllas. Man kan installera det som det \u00e4r, \u00e4ven om vi rekommenderar ca 5 kg sand per kvm f\u00f6r b\u00e4ttre funktionalitet, stabilitet och livsl\u00e4ngd. Sanden fylls p\u00e5 i samband med installationen.<\/p>\n<p><strong>Anv\u00e4ndningsomr\u00e5den:<\/strong> Fotboll inom- och utomhus, spontanfotboll, skolg\u00e5rdar, lekparker<br \/>\n<strong>Str\u00e5material:<\/strong> Polyeten + polypropen<br \/>\n<strong>Vikt:<\/strong> 3,6 kg\/m\u00b2<br \/>\n<strong>Fyllning:<\/strong> Beh\u00f6vs inte, men sand rekommenderas f\u00f6r extra stabilitet och livsl\u00e4ngd<br \/>\n<strong>Garanti:<\/strong> 5 \u00e5r<br \/>\n<strong>Tillverkningsland:<\/strong> Kina<br \/>\n[\/et_pb_text][et_pb_blurb url=&#8221;https:\/\/evergreenkonstgras.se\/shop\/produkt-kategori\/uefa-30s-non-fill\/&#8221; use_icon=&#8221;on&#8221; font_icon=&#8221;&#x24;||divi||400&#8243; icon_placement=&#8221;left&#8221; image_icon_width=&#8221;30px&#8221; admin_label=&#8221;Hitta fler&#8221; _builder_version=&#8221;4.16&#8243; body_font=&#8221;|700|||||||&#8221; body_text_color=&#8221;#87bb40&#8243; animation=&#8221;off&#8221; icon_font_size=&#8221;30px&#8221; global_colors_info=&#8221;{}&#8221;]<a href=\"https:\/\/evergreenkonstgras.se\/shop\/produkt-kategori\/uefa-30s-non-fill\/\">Hitta fler produkter av modell UEFA 30s non-fill<\/a><br \/>\n[\/et_pb_blurb][\/et_pb_column][\/et_pb_row][\/et_pb_section]<\/p>\n","protected":false},"excerpt":{"rendered":"<p><strong>L\u00e4ngd:<\/strong> 200 cm<br \/>\n<strong>Bredd:<\/strong> 200 cm<br \/>\n<strong>Antal m\u00b2:<\/strong> 4,0<br \/>\n<strong>Str\u00e5h\u00f6jd:<\/strong> 15 mm<br \/>\n<strong>Ord. pris per m\u00b2:<\/strong> 395 kr<br \/>\n<strong>Produktgrupp:<\/strong> <a href=\"https:\/\/www.evergreenkonstgras.se\/shop\/evergreen-sport-special-series\/\">Evergreen Sport &amp; Special Series<\/a><br \/>\n<strong>Kategori:<\/strong>\u00a0<a href=\"https:\/\/www.evergreenkonstgras.se\/shop\/sport\/\">Sport<\/a><\/p>\n","protected":false},"featured_media":1419,"template":"","meta":{"_et_pb_use_builder":"on","_et_pb_old_content":"Master 15 \u00e4r ett Allround Sportgr\u00e4s som fungerar b\u00e4st om man dressar det med 10-15 kg kiselsand per m2\r\n\r\nstuvbit 2 x 2 meter","_et_gb_content_width":""},"product_brand":[],"product_cat":[15],"product_tag":[45,46],"class_list":{"0":"post-2168","1":"product","2":"type-product","3":"status-publish","4":"has-post-thumbnail","6":"product_cat-okategoriserad","7":"product_tag-evergreen-sport-collection","8":"product_tag-sport","9":"product_shipping_class-frakt-tillkommer","11":"first","12":"instock","13":"sale","14":"sold-individually","15":"taxable","16":"shipping-taxable","17":"purchasable","18":"product-type-simple"},"jetpack-related-posts":[],"jetpack_sharing_enabled":true,"_links":{"self":[{"href":"https:\/\/www.evergreenkonstgras.se\/shop\/wp-json\/wp\/v2\/product\/2168","targetHints":{"allow":["GET"]}}],"collection":[{"href":"https:\/\/www.evergreenkonstgras.se\/shop\/wp-json\/wp\/v2\/product"}],"about":[{"href":"https:\/\/www.evergreenkonstgras.se\/shop\/wp-json\/wp\/v2\/types\/product"}],"wp:featuredmedia":[{"embeddable":true,"href":"https:\/\/www.evergreenkonstgras.se\/shop\/wp-json\/wp\/v2\/media\/1419"}],"wp:attachment":[{"href":"https:\/\/www.evergreenkonstgras.se\/shop\/wp-json\/wp\/v2\/media?parent=2168"}],"wp:term":[{"taxonomy":"product_brand","embeddable":true,"href":"https:\/\/www.evergreenkonstgras.se\/shop\/wp-json\/wp\/v2\/product_brand?post=2168"},{"taxonomy":"product_cat","embeddable":true,"href":"https:\/\/www.evergreenkonstgras.se\/shop\/wp-json\/wp\/v2\/product_cat?post=2168"},{"taxonomy":"product_tag","embeddable":true,"href":"https:\/\/www.evergreenkonstgras.se\/shop\/wp-json\/wp\/v2\/product_tag?post=2168"}],"curies":[{"name":"wp","href":"https:\/\/api.w.org\/{rel}","templated":true}]}}