{"id":2214,"date":"2022-06-03T10:07:21","date_gmt":"2022-06-03T10:07:21","guid":{"rendered":"https:\/\/www.evergreenkonstgras.se\/shop\/?post_type=product&#038;p=2214"},"modified":"2025-07-29T13:17:02","modified_gmt":"2025-07-29T13:17:02","slug":"play-comfort-24-pris-per-kvm","status":"publish","type":"product","link":"https:\/\/www.evergreenkonstgras.se\/shop\/produkt\/play-comfort-24-pris-per-kvm\/","title":{"rendered":"Play Comfort 24 * pris per kvm"},"content":{"rendered":"<p>Play Comfort \u00e4r ett funktionsgr\u00e4s och speciellt l\u00e4mpligt till bl.a. tr\u00e4ning och aktiviteter inomhus och utomhus.<\/p>\n<p>Officiellt VM Agility gr\u00e4s<\/p>\n<p>Parkour<\/p>\n<p>Bollsporter<\/p>\n<p>Utegym<\/p>\n<p>Lekplatser<\/p>\n<p>Standardh\u00f6jd \u00e4r 24 mm men gr\u00e4set g\u00e5r ocks\u00e5 att best\u00e4lla i 15 mm och 18 mm str\u00e5h\u00f6jd.<\/p>\n<p>Play Comfort finns i<\/p>\n<p>Gr\u00f6nt<\/p>\n<p>Terrakotta<\/p>\n<p>Rullbredd 400 cm<\/p>\n","protected":false},"excerpt":{"rendered":"<p>Stuvbitar finns. Endast 499 kr per m2 inkl moms<\/p>\n","protected":false},"featured_media":0,"template":"","meta":{"_et_pb_use_builder":"","_et_pb_old_content":"","_et_gb_content_width":""},"product_brand":[],"product_cat":[104],"product_tag":[45,46],"class_list":{"0":"post-2214","1":"product","2":"type-product","3":"status-publish","5":"product_cat-play-comfort-24","6":"product_tag-evergreen-sport-collection","7":"product_tag-sport","9":"first","10":"instock","11":"sale","12":"taxable","13":"shipping-taxable","14":"purchasable","15":"product-type-simple"},"jetpack-related-posts":[],"jetpack_sharing_enabled":true,"_links":{"self":[{"href":"https:\/\/www.evergreenkonstgras.se\/shop\/wp-json\/wp\/v2\/product\/2214","targetHints":{"allow":["GET"]}}],"collection":[{"href":"https:\/\/www.evergreenkonstgras.se\/shop\/wp-json\/wp\/v2\/product"}],"about":[{"href":"https:\/\/www.evergreenkonstgras.se\/shop\/wp-json\/wp\/v2\/types\/product"}],"wp:attachment":[{"href":"https:\/\/www.evergreenkonstgras.se\/shop\/wp-json\/wp\/v2\/media?parent=2214"}],"wp:term":[{"taxonomy":"product_brand","embeddable":true,"href":"https:\/\/www.evergreenkonstgras.se\/shop\/wp-json\/wp\/v2\/product_brand?post=2214"},{"taxonomy":"product_cat","embeddable":true,"href":"https:\/\/www.evergreenkonstgras.se\/shop\/wp-json\/wp\/v2\/product_cat?post=2214"},{"taxonomy":"product_tag","embeddable":true,"href":"https:\/\/www.evergreenkonstgras.se\/shop\/wp-json\/wp\/v2\/product_tag?post=2214"}],"curies":[{"name":"wp","href":"https:\/\/api.w.org\/{rel}","templated":true}]}}