{"id":2229,"date":"2022-06-03T20:04:31","date_gmt":"2022-06-03T20:04:31","guid":{"rendered":"https:\/\/www.evergreenkonstgras.se\/shop\/?post_type=product&#038;p=2229"},"modified":"2025-07-29T13:29:59","modified_gmt":"2025-07-29T13:29:59","slug":"real-34-400-x-2500-cm","status":"publish","type":"product","link":"https:\/\/www.evergreenkonstgras.se\/shop\/produkt\/real-34-400-x-2500-cm\/","title":{"rendered":"Real 34 * Pris per kvm"},"content":{"rendered":"<p>Real 34 \u00e4r ett s.k. multidirection gr\u00e4s vilket betyder att gr\u00e4sstr\u00e5na \u00e4r riktade \u00e5t alla h\u00e5ll. P\u00e5 s\u00e5 vis undviker man med- och motgr\u00e4s vilket i sin tur g\u00f6r att denna typ av konstgr\u00e4s inte beh\u00f6ver dressas med sand f\u00f6r att fortfarande h\u00e5lla form och stadga.<\/p>\n<p>Real 34 \u00e4r d\u00e4rf\u00f6r ett perfekt konstgr\u00e4salternativ till omr\u00e5den runt pooler, p\u00e5 terrasser, altaner och \u00e4ven balkonger.<\/p>\n<p>I princip d\u00e4r man s\u00f6ker ett konstgr\u00e4s som \u00e4r h\u00e5llbart, fr\u00e4scht och inte beh\u00f6ver dressas med sand.<\/p>\n<p>&nbsp;<\/p>\n<p>Real tillverkas i Holland och uppfyller de h\u00f6gt st\u00e4llda kraven p\u00e5 milj\u00f6- och \u00e5tervinningsm\u00f6jligheter som EU stipulerat enligt REACH f\u00f6rdraget.<\/p>\n<p>&nbsp;<\/p>\n","protected":false},"excerpt":{"rendered":"<p>Vi har s\u00e4nkt priset till endast 495 kr per m2 inkl moms<\/p>\n","protected":false},"featured_media":1821,"template":"","meta":{"_et_pb_use_builder":"","_et_pb_old_content":"","_et_gb_content_width":""},"product_brand":[],"product_cat":[111],"product_tag":[33,125],"class_list":{"0":"post-2229","1":"product","2":"type-product","3":"status-publish","4":"has-post-thumbnail","6":"product_cat-real-34","7":"product_tag-evergreen-medium-grass-series","8":"product_tag-multidirection","10":"first","11":"instock","12":"taxable","13":"shipping-taxable","14":"purchasable","15":"product-type-simple"},"jetpack-related-posts":[],"jetpack_sharing_enabled":true,"_links":{"self":[{"href":"https:\/\/www.evergreenkonstgras.se\/shop\/wp-json\/wp\/v2\/product\/2229","targetHints":{"allow":["GET"]}}],"collection":[{"href":"https:\/\/www.evergreenkonstgras.se\/shop\/wp-json\/wp\/v2\/product"}],"about":[{"href":"https:\/\/www.evergreenkonstgras.se\/shop\/wp-json\/wp\/v2\/types\/product"}],"wp:featuredmedia":[{"embeddable":true,"href":"https:\/\/www.evergreenkonstgras.se\/shop\/wp-json\/wp\/v2\/media\/1821"}],"wp:attachment":[{"href":"https:\/\/www.evergreenkonstgras.se\/shop\/wp-json\/wp\/v2\/media?parent=2229"}],"wp:term":[{"taxonomy":"product_brand","embeddable":true,"href":"https:\/\/www.evergreenkonstgras.se\/shop\/wp-json\/wp\/v2\/product_brand?post=2229"},{"taxonomy":"product_cat","embeddable":true,"href":"https:\/\/www.evergreenkonstgras.se\/shop\/wp-json\/wp\/v2\/product_cat?post=2229"},{"taxonomy":"product_tag","embeddable":true,"href":"https:\/\/www.evergreenkonstgras.se\/shop\/wp-json\/wp\/v2\/product_tag?post=2229"}],"curies":[{"name":"wp","href":"https:\/\/api.w.org\/{rel}","templated":true}]}}