{"id":2291,"date":"2022-11-21T18:09:35","date_gmt":"2022-11-21T18:09:35","guid":{"rendered":"https:\/\/www.evergreenkonstgras.se\/shop\/?post_type=product&#038;p=2291"},"modified":"2025-07-29T12:02:53","modified_gmt":"2025-07-29T12:02:53","slug":"ecopet-c30-pris-per-kvm","status":"publish","type":"product","link":"https:\/\/www.evergreenkonstgras.se\/shop\/produkt\/ecopet-c30-pris-per-kvm\/","title":{"rendered":"ECOVADIS Pet 28 * pris per kvm"},"content":{"rendered":"<p>Ecovadis Pet 28 \u00e4r speciellt framtaget f\u00f6r husdjur och s\u00e4rskilt hundar. Konstgr\u00e4set har en speciell undersida som \u00e4r behandlad att snabbt dr\u00e4nera bort urin och andra obekv\u00e4ma dofter som annars l\u00e4tt kan fastna kvar och skapa problem med lukt.<\/p>\n<p>Gr\u00e4set ing\u00e5r i Evergreens serie ECOVADIS vilket \u00e4r en internationell certifiering f\u00f6r bra milj\u00f6val och ger produkten h\u00f6gsta milj\u00f6klassificering<\/p>\n<p>&nbsp;<\/p>\n","protected":false},"excerpt":{"rendered":"<p><em><strong>Kampanjpris nu 485 kr per m2 inkl moms<\/strong><\/em><\/p>\n","protected":false},"featured_media":1405,"template":"","meta":{"_et_pb_use_builder":"","_et_pb_old_content":"","_et_gb_content_width":""},"product_brand":[],"product_cat":[116],"product_tag":[123,33,124],"class_list":{"0":"post-2291","1":"product","2":"type-product","3":"status-publish","4":"has-post-thumbnail","6":"product_cat-ecopet-c30","7":"product_tag-ecovadis","8":"product_tag-evergreen-medium-grass-series","9":"product_tag-pet-friendly","11":"first","12":"instock","13":"sale","14":"taxable","15":"shipping-taxable","16":"purchasable","17":"product-type-simple"},"jetpack-related-posts":[],"jetpack_sharing_enabled":true,"_links":{"self":[{"href":"https:\/\/www.evergreenkonstgras.se\/shop\/wp-json\/wp\/v2\/product\/2291","targetHints":{"allow":["GET"]}}],"collection":[{"href":"https:\/\/www.evergreenkonstgras.se\/shop\/wp-json\/wp\/v2\/product"}],"about":[{"href":"https:\/\/www.evergreenkonstgras.se\/shop\/wp-json\/wp\/v2\/types\/product"}],"wp:featuredmedia":[{"embeddable":true,"href":"https:\/\/www.evergreenkonstgras.se\/shop\/wp-json\/wp\/v2\/media\/1405"}],"wp:attachment":[{"href":"https:\/\/www.evergreenkonstgras.se\/shop\/wp-json\/wp\/v2\/media?parent=2291"}],"wp:term":[{"taxonomy":"product_brand","embeddable":true,"href":"https:\/\/www.evergreenkonstgras.se\/shop\/wp-json\/wp\/v2\/product_brand?post=2291"},{"taxonomy":"product_cat","embeddable":true,"href":"https:\/\/www.evergreenkonstgras.se\/shop\/wp-json\/wp\/v2\/product_cat?post=2291"},{"taxonomy":"product_tag","embeddable":true,"href":"https:\/\/www.evergreenkonstgras.se\/shop\/wp-json\/wp\/v2\/product_tag?post=2291"}],"curies":[{"name":"wp","href":"https:\/\/api.w.org\/{rel}","templated":true}]}}