{"id":2316,"date":"2022-11-21T20:05:20","date_gmt":"2022-11-21T20:05:20","guid":{"rendered":"https:\/\/www.evergreenkonstgras.se\/shop\/?post_type=product&#038;p=2316"},"modified":"2022-11-21T20:07:06","modified_gmt":"2022-11-21T20:07:06","slug":"tee-4010b-150-x-150-cm-slagmatta","status":"publish","type":"product","link":"https:\/\/www.evergreenkonstgras.se\/shop\/produkt\/tee-4010b-150-x-150-cm-slagmatta\/","title":{"rendered":"Tee 4010B * 150 x 150 cm Slagmatta"},"content":{"rendered":"<p>40 mm str\u00e5h\u00f6jd (curled) och 10 mm PAD g\u00f6r detta till en av de b\u00e4sta slagmattorna p\u00e5 marknaden. Finns i flera storlekar.<\/p>\n<p>Totalh\u00f6jd ca 45 mm<\/p>\n","protected":false},"excerpt":{"rendered":"<p>40 mm str\u00e5h\u00f6jd (curled) och 10 mm PAD g\u00f6r detta till en av de b\u00e4sta slagmattorna p\u00e5 marknaden. Finns i flera storlekar. Totalh\u00f6jd ca 45 mm<\/p>\n","protected":false},"featured_media":2310,"template":"","meta":{"_et_pb_use_builder":"","_et_pb_old_content":"","_et_gb_content_width":""},"product_brand":[],"product_cat":[108],"product_tag":[51,52],"class_list":{"0":"post-2316","1":"product","2":"type-product","3":"status-publish","4":"has-post-thumbnail","6":"product_cat-tee-4010b","7":"product_tag-evergreen-golf-collection","8":"product_tag-golf","10":"first","11":"instock","12":"taxable","13":"shipping-taxable","14":"purchasable","15":"product-type-simple"},"jetpack-related-posts":[],"jetpack_sharing_enabled":true,"_links":{"self":[{"href":"https:\/\/www.evergreenkonstgras.se\/shop\/wp-json\/wp\/v2\/product\/2316","targetHints":{"allow":["GET"]}}],"collection":[{"href":"https:\/\/www.evergreenkonstgras.se\/shop\/wp-json\/wp\/v2\/product"}],"about":[{"href":"https:\/\/www.evergreenkonstgras.se\/shop\/wp-json\/wp\/v2\/types\/product"}],"wp:featuredmedia":[{"embeddable":true,"href":"https:\/\/www.evergreenkonstgras.se\/shop\/wp-json\/wp\/v2\/media\/2310"}],"wp:attachment":[{"href":"https:\/\/www.evergreenkonstgras.se\/shop\/wp-json\/wp\/v2\/media?parent=2316"}],"wp:term":[{"taxonomy":"product_brand","embeddable":true,"href":"https:\/\/www.evergreenkonstgras.se\/shop\/wp-json\/wp\/v2\/product_brand?post=2316"},{"taxonomy":"product_cat","embeddable":true,"href":"https:\/\/www.evergreenkonstgras.se\/shop\/wp-json\/wp\/v2\/product_cat?post=2316"},{"taxonomy":"product_tag","embeddable":true,"href":"https:\/\/www.evergreenkonstgras.se\/shop\/wp-json\/wp\/v2\/product_tag?post=2316"}],"curies":[{"name":"wp","href":"https:\/\/api.w.org\/{rel}","templated":true}]}}