{"id":2399,"date":"2023-04-19T18:29:23","date_gmt":"2023-04-19T18:29:23","guid":{"rendered":"https:\/\/www.evergreenkonstgras.se\/shop\/?post_type=product&#038;p=2399"},"modified":"2023-04-19T18:37:54","modified_gmt":"2023-04-19T18:37:54","slug":"hybridgras-30-mm-pris-per-kvm","status":"publish","type":"product","link":"https:\/\/www.evergreenkonstgras.se\/shop\/produkt\/hybridgras-30-mm-pris-per-kvm\/","title":{"rendered":"Hybridgr\u00e4s 30 mm * pris per kvm"},"content":{"rendered":"<p>Senaste generationens hybridgr\u00e4s. Perfekt f\u00f6r att st\u00e4rka upp naturgr\u00e4s och samtidigt f\u00e5 en gr\u00f6n yta trots h\u00e5rt slitage.<\/p>\n<p>Hybrid 30 monteras p\u00e5 befintlig gr\u00e4smatta och fungerar som ett skydd f\u00f6r naturgr\u00e4set s\u00e5 att det kan s\u00e4tta r\u00f6tter och kronan p\u00e5 gr\u00e4set bevaras.<\/p>\n<p>M\u00e5nga anv\u00e4ndningsomr\u00e5den, hemma d\u00e4r gr\u00e4set \u00e4r d\u00e5ligt\/svagt. Offentliga platser med h\u00f6g belastning d\u00e4r naturgr\u00e4s inte \u00f6verlever. Lekparker, BRF innerg\u00e5rdar.<\/p>\n<p>Rullarna \u00e4r 2 x 25 meter. Pris per kvm<\/p>\n<p>Priset g\u00e4ller s\u00e5 l\u00e4nge lagret r\u00e4cker. D\u00e4refter 495 kr per kvm.<\/p>\n<p>&nbsp;<\/p>\n","protected":false},"excerpt":{"rendered":"<p>Specialpris just nu 295 kr per kvm s\u00e5 l\u00e4nge lagret r\u00e4cker. D\u00e4refter 495 kr per kvm<\/p>\n","protected":false},"featured_media":2400,"template":"","meta":{"_et_pb_use_builder":"","_et_pb_old_content":"","_et_gb_content_width":""},"product_brand":[],"product_cat":[99],"product_tag":[],"class_list":{"0":"post-2399","1":"product","2":"type-product","3":"status-publish","4":"has-post-thumbnail","6":"product_cat-hybrid-30","8":"first","9":"instock","10":"sale","11":"taxable","12":"shipping-taxable","13":"purchasable","14":"product-type-simple"},"jetpack-related-posts":[],"jetpack_sharing_enabled":true,"_links":{"self":[{"href":"https:\/\/www.evergreenkonstgras.se\/shop\/wp-json\/wp\/v2\/product\/2399","targetHints":{"allow":["GET"]}}],"collection":[{"href":"https:\/\/www.evergreenkonstgras.se\/shop\/wp-json\/wp\/v2\/product"}],"about":[{"href":"https:\/\/www.evergreenkonstgras.se\/shop\/wp-json\/wp\/v2\/types\/product"}],"wp:featuredmedia":[{"embeddable":true,"href":"https:\/\/www.evergreenkonstgras.se\/shop\/wp-json\/wp\/v2\/media\/2400"}],"wp:attachment":[{"href":"https:\/\/www.evergreenkonstgras.se\/shop\/wp-json\/wp\/v2\/media?parent=2399"}],"wp:term":[{"taxonomy":"product_brand","embeddable":true,"href":"https:\/\/www.evergreenkonstgras.se\/shop\/wp-json\/wp\/v2\/product_brand?post=2399"},{"taxonomy":"product_cat","embeddable":true,"href":"https:\/\/www.evergreenkonstgras.se\/shop\/wp-json\/wp\/v2\/product_cat?post=2399"},{"taxonomy":"product_tag","embeddable":true,"href":"https:\/\/www.evergreenkonstgras.se\/shop\/wp-json\/wp\/v2\/product_tag?post=2399"}],"curies":[{"name":"wp","href":"https:\/\/api.w.org\/{rel}","templated":true}]}}