{"id":364,"date":"2018-08-16T13:36:59","date_gmt":"2018-08-16T13:36:59","guid":{"rendered":"https:\/\/www.evergreenkonstgras.se\/shop\/?post_type=product&#038;p=364"},"modified":"2025-07-29T12:09:51","modified_gmt":"2025-07-29T12:09:51","slug":"victory-c30-2500-400","status":"publish","type":"product","link":"https:\/\/www.evergreenkonstgras.se\/shop\/produkt\/victory-c30-2500-400\/","title":{"rendered":"Victory C30 Strong \u2022 pris per kvm"},"content":{"rendered":"<p>[et_pb_section fb_built=&#8221;1&#8243; _builder_version=&#8221;4.16&#8243; custom_padding=&#8221;0px||||false|false&#8221; global_colors_info=&#8221;{}&#8221;][et_pb_row _builder_version=&#8221;4.16&#8243; background_size=&#8221;initial&#8221; background_position=&#8221;top_left&#8221; background_repeat=&#8221;repeat&#8221; width=&#8221;100%&#8221; custom_padding=&#8221;0px||0px||false|false&#8221; global_colors_info=&#8221;{}&#8221;][et_pb_column type=&#8221;4_4&#8243; _builder_version=&#8221;4.16&#8243; custom_padding=&#8221;|||&#8221; global_colors_info=&#8221;{}&#8221; custom_padding__hover=&#8221;|||&#8221;][et_pb_wc_breadcrumb _builder_version=&#8221;4.16&#8243; global_colors_info=&#8221;{}&#8221;][\/et_pb_wc_breadcrumb][et_pb_wc_cart_notice _builder_version=&#8221;4.16&#8243; global_colors_info=&#8221;{}&#8221;][\/et_pb_wc_cart_notice][\/et_pb_column][\/et_pb_row][et_pb_row column_structure=&#8221;1_2,1_2&#8243; _builder_version=&#8221;4.16&#8243; background_size=&#8221;initial&#8221; background_position=&#8221;top_left&#8221; background_repeat=&#8221;repeat&#8221; width=&#8221;100%&#8221; custom_padding=&#8221;0px||||false|false&#8221; global_colors_info=&#8221;{}&#8221;][et_pb_column type=&#8221;1_2&#8243; _builder_version=&#8221;4.16&#8243; custom_padding=&#8221;|||&#8221; global_colors_info=&#8221;{}&#8221; custom_padding__hover=&#8221;|||&#8221;][et_pb_wc_images _builder_version=&#8221;4.16&#8243; global_colors_info=&#8221;{}&#8221;][\/et_pb_wc_images][\/et_pb_column][et_pb_column type=&#8221;1_2&#8243; _builder_version=&#8221;4.16&#8243; custom_padding=&#8221;|||&#8221; global_colors_info=&#8221;{}&#8221; custom_padding__hover=&#8221;|||&#8221;][et_pb_wc_title _builder_version=&#8221;4.16&#8243; global_colors_info=&#8221;{}&#8221;][\/et_pb_wc_title][et_pb_wc_rating _builder_version=&#8221;4.16&#8243; global_colors_info=&#8221;{}&#8221;][\/et_pb_wc_rating][et_pb_wc_price _builder_version=&#8221;4.16&#8243; global_colors_info=&#8221;{}&#8221;][\/et_pb_wc_price][et_pb_wc_description _builder_version=&#8221;4.16&#8243; global_colors_info=&#8221;{}&#8221;][\/et_pb_wc_description][et_pb_wc_add_to_cart _builder_version=&#8221;4.16&#8243; global_colors_info=&#8221;{}&#8221;][\/et_pb_wc_add_to_cart][et_pb_wc_meta _builder_version=&#8221;4.16&#8243; global_colors_info=&#8221;{}&#8221;][\/et_pb_wc_meta][\/et_pb_column][\/et_pb_row][et_pb_row _builder_version=&#8221;4.16&#8243; background_size=&#8221;initial&#8221; background_position=&#8221;top_left&#8221; background_repeat=&#8221;repeat&#8221; width=&#8221;100%&#8221; global_colors_info=&#8221;{}&#8221;][et_pb_column type=&#8221;4_4&#8243; _builder_version=&#8221;4.16&#8243; custom_padding=&#8221;|||&#8221; global_colors_info=&#8221;{}&#8221; custom_padding__hover=&#8221;|||&#8221;][et_pb_wc_tabs _builder_version=&#8221;4.16&#8243; global_colors_info=&#8221;{}&#8221;] [\/et_pb_wc_tabs][et_pb_wc_upsells _builder_version=&#8221;4.16&#8243; global_colors_info=&#8221;{}&#8221;][\/et_pb_wc_upsells][et_pb_wc_related_products _builder_version=&#8221;4.16&#8243; global_colors_info=&#8221;{}&#8221;][\/et_pb_wc_related_products][\/et_pb_column][\/et_pb_row][\/et_pb_section][et_pb_section fb_built=&#8221;1&#8243; _builder_version=&#8221;4.16&#8243; background_color=&#8221;#f5f5f5&#8243; global_colors_info=&#8221;{}&#8221;][et_pb_row _builder_version=&#8221;4.16&#8243; custom_margin=&#8221;20px||-30px|&#8221; global_colors_info=&#8221;{}&#8221;][et_pb_column type=&#8221;4_4&#8243; _builder_version=&#8221;4.16&#8243; custom_padding=&#8221;|||&#8221; global_colors_info=&#8221;{}&#8221; custom_padding__hover=&#8221;|||&#8221;][et_pb_text _builder_version=&#8221;4.16&#8243; link_font=&#8221;|700|||||||&#8221; global_colors_info=&#8221;{}&#8221;]<\/p>\n<h3 style=\"margin-top: -40px;\">K\u00f6pinformation:<\/h3>\n<p>Pris inklusive 25 procent moms. Betalning sker via Swish eller faktura. Fraktkostnad tillkommer i efterhand. Du har ocks\u00e5 m\u00f6jlighet att kostnadsfritt sj\u00e4lv h\u00e4mta produkten fr\u00e5n v\u00e5rt lager i T\u00e4by.<\/p>\n<h3>M\u00e5ttbest\u00e4llning?<\/h3>\n<p>Vill du m\u00e5ttbest\u00e4lla <strong>Victory C30<\/strong> (till ordinarie pris)? V\u00e4lkommen att kontakta oss p\u00e5 <a href=\"&#109;a&#x69;l&#x74;o&#x3a;&#107;&#x6f;&#110;&#x74;&#97;k&#x74;&#64;&#x65;v&#x65;&#114;&#x67;&#114;&#x65;&#101;&#x6e;&#107;o&#x6e;s&#x74;g&#x72;&#97;&#x73;&#46;&#x73;&#101;\">k&#111;&#110;&#x74;&#x61;&#x6b;&#x74;&#64;&#101;&#118;&#101;&#x72;&#x67;&#x72;ee&#110;&#107;&#x6f;&#x6e;&#x73;tg&#114;&#97;&#x73;&#x2e;&#x73;e<\/a> f\u00f6r offert.<\/p>\n<h3>Om produkten:<\/h3>\n<p>En nyhet 2018 med fantastiska egenskaper. Det exklusiva konstgr\u00e4set Victory C30 \u00e4r mycket naturligt och slitstarkt. Passar \u00e4ven utm\u00e4rkt f\u00f6r foregreen p\u00e5 golfbanor.<\/p>\n<p><strong>Anv\u00e4ndningsomr\u00e5den:<\/strong> Hemma, tr\u00e4dg\u00e5rd, innerg\u00e5rdar, balkonger, offentliga milj\u00f6er, skolor, f\u00f6retag, inom- och utomhus, golf<br \/>\n<strong>Str\u00e5material:<\/strong> 100% polyeten<br \/>\n<strong>Vikt:<\/strong> 2,7 kg\/m\u00b2<br \/>\n<strong>Fyllning:<\/strong> Rekommenderas 5 kg kiselsand per m\u00b2<br \/>\n<strong>Garanti:<\/strong> 5 \u00e5r<br \/>\n<strong>Tillverkningsland:<\/strong> Holland<br \/>\n[\/et_pb_text][et_pb_blurb url=&#8221;https:\/\/evergreenkonstgras.se\/shop\/produkt-kategori\/victory-c30\/&#8221; use_icon=&#8221;on&#8221; font_icon=&#8221;&#x24;||divi||400&#8243; icon_placement=&#8221;left&#8221; image_icon_width=&#8221;30px&#8221; admin_label=&#8221;Hitta fler&#8221; _builder_version=&#8221;4.16&#8243; body_font=&#8221;|700|||||||&#8221; body_text_color=&#8221;#87bb40&#8243; animation=&#8221;off&#8221; icon_font_size=&#8221;30px&#8221; global_colors_info=&#8221;{}&#8221;]<a href=\"https:\/\/evergreenkonstgras.se\/shop\/produkt-kategori\/victory-c30\/\">Hitta fler produkter av modell Victory C30<\/a><br \/>\n[\/et_pb_blurb][\/et_pb_column][\/et_pb_row][\/et_pb_section]<\/p>\n","protected":false},"excerpt":{"rendered":"<p><strong>L\u00e4ngd:<\/strong><br \/>\n<strong>Bredd:<\/strong> 400 cm<br \/>\n<strong>Antal m\u00b2:<\/strong><br \/>\n<strong>Str\u00e5h\u00f6jd:<\/strong> 30 mm<br \/>\n<strong>Ord. pris per m\u00b2:<\/strong> 930 kr<br \/>\n<strong>Produktgrupp:<\/strong> <a href=\"https:\/\/www.evergreenkonstgras.se\/shop\/evergreen-medium-grass-series\/\">Evergreen Medium Grass Series<\/a><br \/>\n<strong>Kategori:<\/strong>\u00a0<a href=\"https:\/\/www.evergreenkonstgras.se\/shop\/exclusive\/\">Exclusive<\/a><\/p>\n","protected":false},"featured_media":362,"template":"","meta":{"_et_pb_use_builder":"on","_et_pb_old_content":"Kampanjpris nu endast 595 kr per m2 inkl moms","_et_gb_content_width":""},"product_brand":[],"product_cat":[38],"product_tag":[51,33,31,52],"class_list":{"0":"post-364","1":"product","2":"type-product","3":"status-publish","4":"has-post-thumbnail","6":"product_cat-victory-c30-strong","7":"product_tag-evergreen-golf-collection","8":"product_tag-evergreen-medium-grass-series","9":"product_tag-exclusive","10":"product_tag-golf","11":"product_shipping_class-frakt-tillkommer","13":"first","14":"instock","15":"sale","16":"taxable","17":"shipping-taxable","18":"purchasable","19":"product-type-simple"},"jetpack-related-posts":[],"jetpack_sharing_enabled":true,"_links":{"self":[{"href":"https:\/\/www.evergreenkonstgras.se\/shop\/wp-json\/wp\/v2\/product\/364","targetHints":{"allow":["GET"]}}],"collection":[{"href":"https:\/\/www.evergreenkonstgras.se\/shop\/wp-json\/wp\/v2\/product"}],"about":[{"href":"https:\/\/www.evergreenkonstgras.se\/shop\/wp-json\/wp\/v2\/types\/product"}],"wp:featuredmedia":[{"embeddable":true,"href":"https:\/\/www.evergreenkonstgras.se\/shop\/wp-json\/wp\/v2\/media\/362"}],"wp:attachment":[{"href":"https:\/\/www.evergreenkonstgras.se\/shop\/wp-json\/wp\/v2\/media?parent=364"}],"wp:term":[{"taxonomy":"product_brand","embeddable":true,"href":"https:\/\/www.evergreenkonstgras.se\/shop\/wp-json\/wp\/v2\/product_brand?post=364"},{"taxonomy":"product_cat","embeddable":true,"href":"https:\/\/www.evergreenkonstgras.se\/shop\/wp-json\/wp\/v2\/product_cat?post=364"},{"taxonomy":"product_tag","embeddable":true,"href":"https:\/\/www.evergreenkonstgras.se\/shop\/wp-json\/wp\/v2\/product_tag?post=364"}],"curies":[{"name":"wp","href":"https:\/\/api.w.org\/{rel}","templated":true}]}}