{"id":891,"date":"2019-03-18T15:14:51","date_gmt":"2019-03-18T15:14:51","guid":{"rendered":"https:\/\/www.evergreenkonstgras.se\/shop\/?post_type=product&#038;p=891"},"modified":"2025-07-29T13:25:51","modified_gmt":"2025-07-29T13:25:51","slug":"prograss-tee-deluxe-73-x-100-cm","status":"publish","type":"product","link":"https:\/\/www.evergreenkonstgras.se\/shop\/produkt\/prograss-tee-deluxe-73-x-100-cm\/","title":{"rendered":"Prograss Tee Deluxe Slagmatta \u2022 pris per kvm"},"content":{"rendered":"<p>[et_pb_section fb_built=&#8221;1&#8243; _builder_version=&#8221;4.16&#8243; custom_padding=&#8221;0px||||false|false&#8221; global_colors_info=&#8221;{}&#8221;][et_pb_row _builder_version=&#8221;4.16&#8243; background_size=&#8221;initial&#8221; background_position=&#8221;top_left&#8221; background_repeat=&#8221;repeat&#8221; width=&#8221;100%&#8221; custom_padding=&#8221;0px||0px||false|false&#8221; global_colors_info=&#8221;{}&#8221;][et_pb_column type=&#8221;4_4&#8243; _builder_version=&#8221;4.16&#8243; custom_padding=&#8221;|||&#8221; global_colors_info=&#8221;{}&#8221; custom_padding__hover=&#8221;|||&#8221;][et_pb_wc_breadcrumb _builder_version=&#8221;4.16&#8243; global_colors_info=&#8221;{}&#8221;][\/et_pb_wc_breadcrumb][et_pb_wc_cart_notice _builder_version=&#8221;4.16&#8243; global_colors_info=&#8221;{}&#8221;][\/et_pb_wc_cart_notice][\/et_pb_column][\/et_pb_row][et_pb_row column_structure=&#8221;1_2,1_2&#8243; _builder_version=&#8221;4.16&#8243; background_size=&#8221;initial&#8221; background_position=&#8221;top_left&#8221; background_repeat=&#8221;repeat&#8221; width=&#8221;100%&#8221; custom_padding=&#8221;0px||||false|false&#8221; global_colors_info=&#8221;{}&#8221;][et_pb_column type=&#8221;1_2&#8243; _builder_version=&#8221;4.16&#8243; custom_padding=&#8221;|||&#8221; global_colors_info=&#8221;{}&#8221; custom_padding__hover=&#8221;|||&#8221;][et_pb_wc_images _builder_version=&#8221;4.16&#8243; global_colors_info=&#8221;{}&#8221;][\/et_pb_wc_images][\/et_pb_column][et_pb_column type=&#8221;1_2&#8243; _builder_version=&#8221;4.16&#8243; custom_padding=&#8221;|||&#8221; global_colors_info=&#8221;{}&#8221; custom_padding__hover=&#8221;|||&#8221;][et_pb_wc_title _builder_version=&#8221;4.16&#8243; global_colors_info=&#8221;{}&#8221;][\/et_pb_wc_title][et_pb_wc_rating _builder_version=&#8221;4.16&#8243; global_colors_info=&#8221;{}&#8221;][\/et_pb_wc_rating][et_pb_wc_price _builder_version=&#8221;4.16&#8243; global_colors_info=&#8221;{}&#8221;][\/et_pb_wc_price][et_pb_wc_description _builder_version=&#8221;4.16&#8243; global_colors_info=&#8221;{}&#8221;][\/et_pb_wc_description][et_pb_wc_add_to_cart _builder_version=&#8221;4.16&#8243; global_colors_info=&#8221;{}&#8221;][\/et_pb_wc_add_to_cart][et_pb_wc_meta _builder_version=&#8221;4.16&#8243; global_colors_info=&#8221;{}&#8221;][\/et_pb_wc_meta][\/et_pb_column][\/et_pb_row][et_pb_row _builder_version=&#8221;4.16&#8243; background_size=&#8221;initial&#8221; background_position=&#8221;top_left&#8221; background_repeat=&#8221;repeat&#8221; width=&#8221;100%&#8221; global_colors_info=&#8221;{}&#8221;][et_pb_column type=&#8221;4_4&#8243; _builder_version=&#8221;4.16&#8243; custom_padding=&#8221;|||&#8221; global_colors_info=&#8221;{}&#8221; custom_padding__hover=&#8221;|||&#8221;][et_pb_wc_tabs _builder_version=&#8221;4.16&#8243; global_colors_info=&#8221;{}&#8221;]\t\t\t\t\t[\/et_pb_wc_tabs][et_pb_wc_upsells _builder_version=&#8221;4.16&#8243; global_colors_info=&#8221;{}&#8221;][\/et_pb_wc_upsells][et_pb_wc_related_products _builder_version=&#8221;4.16&#8243; global_colors_info=&#8221;{}&#8221;][\/et_pb_wc_related_products][\/et_pb_column][\/et_pb_row][\/et_pb_section][et_pb_section fb_built=&#8221;1&#8243; _builder_version=&#8221;4.16&#8243; background_color=&#8221;#f5f5f5&#8243; global_colors_info=&#8221;{}&#8221;][et_pb_row _builder_version=&#8221;4.16&#8243; custom_margin=&#8221;20px||-30px|&#8221; global_colors_info=&#8221;{}&#8221;][et_pb_column type=&#8221;4_4&#8243; _builder_version=&#8221;4.16&#8243; custom_padding=&#8221;|||&#8221; global_colors_info=&#8221;{}&#8221; custom_padding__hover=&#8221;|||&#8221;][et_pb_text _builder_version=&#8221;4.16&#8243; link_font=&#8221;|700|||||||&#8221; global_colors_info=&#8221;{}&#8221;]<\/p>\n<h3 style=\"margin-top: -40px;\">K\u00f6pinformation:<\/h3>\n<p>Pris inklusive 25 procent moms. Betalning sker via Swish eller faktura. Fraktkostnad tillkommer i efterhand. Du har ocks\u00e5 m\u00f6jlighet att kostnadsfritt sj\u00e4lv h\u00e4mta produkten fr\u00e5n v\u00e5rt lager i T\u00e4by.<\/p>\n<h3>M\u00e5ttbest\u00e4llning?<\/h3>\n<p>Vill du m\u00e5ttbest\u00e4lla <strong>Prograss Tee Deluxe<\/strong> (till ordinarie pris)? V\u00e4lkommen att kontakta oss p\u00e5 <a href=\"&#x6d;&#x61;&#105;l&#x74;&#x6f;&#58;ko&#x6e;&#x74;&#97;k&#x74;&#x40;&#101;&#118;e&#x72;&#x67;&#114;e&#x65;&#x6e;&#107;&#111;n&#x73;&#x74;&#103;r&#x61;&#x73;&#46;&#115;e\">&#107;&#x6f;&#x6e;t&#97;&#x6b;t&#64;&#x65;&#x76;e&#114;&#x67;r&#101;&#x65;&#x6e;k&#111;&#x6e;s&#116;&#x67;&#x72;&#97;&#115;&#x2e;s&#101;<\/a> f\u00f6r offert.<\/p>\n<h3>Om produkten:<\/h3>\n<p>Ett konstgr\u00e4s i h\u00f6gsta kvalitet f\u00f6r golftr\u00e4ning. Kan anv\u00e4ndas p\u00e5 range och tee och \u00e4r l\u00e4tt att pegga i. Gr\u00e4set \u00e4r ocks\u00e5 anv\u00e4ndarv\u00e4nligt och extra &#8221;sn\u00e4llt&#8221; att sl\u00e5 ifr\u00e5n med opeggad boll.<\/p>\n<p><strong>Anv\u00e4ndningsomr\u00e5den:<\/strong> Golf, range och utslagsplatser (Tee)<br \/>\n<strong>Str\u00e5material:<\/strong> 100% polyamid (nylon), extra f\u00f6rst\u00e4rkt och stabiliserat<br \/>\n<strong>Vikt:<\/strong> 5,3 kg\/m\u00b2<br \/>\n<strong>Fyllning:<\/strong> Beh\u00f6ver inte sandfyllas<br \/>\n<strong>Garanti:<\/strong> 5 \u00e5r<br \/>\n<strong>Tillverkningsland:<\/strong> Holland<br \/>\n[\/et_pb_text][et_pb_blurb url=&#8221;https:\/\/evergreenkonstgras.se\/shop\/produkt-kategori\/prograss-tee-deluxe\/&#8221; use_icon=&#8221;on&#8221; font_icon=&#8221;&#x24;||divi||400&#8243; icon_placement=&#8221;left&#8221; image_icon_width=&#8221;30px&#8221; admin_label=&#8221;Hitta fler&#8221; _builder_version=&#8221;4.16&#8243; body_font=&#8221;|700|||||||&#8221; body_text_color=&#8221;#87bb40&#8243; animation=&#8221;off&#8221; icon_font_size=&#8221;30px&#8221; global_colors_info=&#8221;{}&#8221;]<a href=\"https:\/\/evergreenkonstgras.se\/shop\/produkt-kategori\/prograss-tee-deluxe\/\">Hitta fler produkter av modell Prograss Tee Deluxe<\/a><br \/>\n[\/et_pb_blurb][\/et_pb_column][\/et_pb_row][\/et_pb_section]<\/p>\n","protected":false},"excerpt":{"rendered":"<p><strong>L\u00e4ngd:<\/strong><br \/>\n<strong>Bredd:<\/strong> Rullbredd 200 cm<br \/>\n<strong>Antal m\u00b2:<\/strong><br \/>\n<strong>Str\u00e5h\u00f6jd:<\/strong> 27 mm<br \/>\n<strong>Ord. pris per m\u00b2:<\/strong> 3 670 kr<br \/>\n<strong>Produktgrupp:<\/strong> <a href=\"https:\/\/www.evergreenkonstgras.se\/shop\/evergreen-golf-collection\/\">Evergreen Golf Collection<\/a><br \/>\n<strong>Kategori:<\/strong>\u00a0<a href=\"https:\/\/www.evergreenkonstgras.se\/shop\/golf\/\">Golf<\/a><\/p>\n","protected":false},"featured_media":453,"template":"","meta":{"_et_pb_use_builder":"on","_et_pb_old_content":"Stuvbitar finns fr\u00e5n 2 995 kr per m2 inkl moms. Passar bra som slagremsa.","_et_gb_content_width":""},"product_brand":[],"product_cat":[54],"product_tag":[51,52],"class_list":{"0":"post-891","1":"product","2":"type-product","3":"status-publish","4":"has-post-thumbnail","6":"product_cat-prograss-tee-deluxe","7":"product_tag-evergreen-golf-collection","8":"product_tag-golf","9":"product_shipping_class-frakt-tillkommer","11":"first","12":"instock","13":"sale","14":"taxable","15":"shipping-taxable","16":"purchasable","17":"product-type-simple"},"jetpack-related-posts":[],"jetpack_sharing_enabled":true,"_links":{"self":[{"href":"https:\/\/www.evergreenkonstgras.se\/shop\/wp-json\/wp\/v2\/product\/891","targetHints":{"allow":["GET"]}}],"collection":[{"href":"https:\/\/www.evergreenkonstgras.se\/shop\/wp-json\/wp\/v2\/product"}],"about":[{"href":"https:\/\/www.evergreenkonstgras.se\/shop\/wp-json\/wp\/v2\/types\/product"}],"wp:featuredmedia":[{"embeddable":true,"href":"https:\/\/www.evergreenkonstgras.se\/shop\/wp-json\/wp\/v2\/media\/453"}],"wp:attachment":[{"href":"https:\/\/www.evergreenkonstgras.se\/shop\/wp-json\/wp\/v2\/media?parent=891"}],"wp:term":[{"taxonomy":"product_brand","embeddable":true,"href":"https:\/\/www.evergreenkonstgras.se\/shop\/wp-json\/wp\/v2\/product_brand?post=891"},{"taxonomy":"product_cat","embeddable":true,"href":"https:\/\/www.evergreenkonstgras.se\/shop\/wp-json\/wp\/v2\/product_cat?post=891"},{"taxonomy":"product_tag","embeddable":true,"href":"https:\/\/www.evergreenkonstgras.se\/shop\/wp-json\/wp\/v2\/product_tag?post=891"}],"curies":[{"name":"wp","href":"https:\/\/api.w.org\/{rel}","templated":true}]}}