{"id":967,"date":"2019-05-21T17:21:36","date_gmt":"2019-05-21T17:21:36","guid":{"rendered":"https:\/\/www.evergreenkonstgras.se\/shop\/?post_type=product&#038;p=967"},"modified":"2025-07-29T12:32:10","modified_gmt":"2025-07-29T12:32:10","slug":"euro-playgrass-2500-400","status":"publish","type":"product","link":"https:\/\/www.evergreenkonstgras.se\/shop\/produkt\/euro-playgrass-2500-400\/","title":{"rendered":"Euro Playgrass Gr\u00f6n \u2022 pris per kvm"},"content":{"rendered":"<p>[et_pb_section fb_built=&#8221;1&#8243; _builder_version=&#8221;4.16&#8243; custom_padding=&#8221;0px||||false|false&#8221; global_colors_info=&#8221;{}&#8221;][et_pb_row _builder_version=&#8221;4.16&#8243; background_size=&#8221;initial&#8221; background_position=&#8221;top_left&#8221; background_repeat=&#8221;repeat&#8221; width=&#8221;100%&#8221; custom_padding=&#8221;0px||0px||false|false&#8221; global_colors_info=&#8221;{}&#8221;][et_pb_column type=&#8221;4_4&#8243; _builder_version=&#8221;4.16&#8243; custom_padding=&#8221;|||&#8221; global_colors_info=&#8221;{}&#8221; custom_padding__hover=&#8221;|||&#8221;][et_pb_wc_breadcrumb _builder_version=&#8221;4.16&#8243; global_colors_info=&#8221;{}&#8221;][\/et_pb_wc_breadcrumb][et_pb_wc_cart_notice _builder_version=&#8221;4.16&#8243; global_colors_info=&#8221;{}&#8221;][\/et_pb_wc_cart_notice][\/et_pb_column][\/et_pb_row][et_pb_row column_structure=&#8221;1_2,1_2&#8243; _builder_version=&#8221;4.16&#8243; background_size=&#8221;initial&#8221; background_position=&#8221;top_left&#8221; background_repeat=&#8221;repeat&#8221; width=&#8221;100%&#8221; custom_padding=&#8221;0px||||false|false&#8221; global_colors_info=&#8221;{}&#8221;][et_pb_column type=&#8221;1_2&#8243; _builder_version=&#8221;4.16&#8243; custom_padding=&#8221;|||&#8221; global_colors_info=&#8221;{}&#8221; custom_padding__hover=&#8221;|||&#8221;][et_pb_wc_images _builder_version=&#8221;4.16&#8243; global_colors_info=&#8221;{}&#8221;][\/et_pb_wc_images][\/et_pb_column][et_pb_column type=&#8221;1_2&#8243; _builder_version=&#8221;4.16&#8243; custom_padding=&#8221;|||&#8221; global_colors_info=&#8221;{}&#8221; custom_padding__hover=&#8221;|||&#8221;][et_pb_wc_title _builder_version=&#8221;4.16&#8243; global_colors_info=&#8221;{}&#8221;][\/et_pb_wc_title][et_pb_wc_rating _builder_version=&#8221;4.16&#8243; global_colors_info=&#8221;{}&#8221;][\/et_pb_wc_rating][et_pb_wc_price _builder_version=&#8221;4.16&#8243; global_colors_info=&#8221;{}&#8221;][\/et_pb_wc_price][et_pb_wc_description _builder_version=&#8221;4.16&#8243; global_colors_info=&#8221;{}&#8221;][\/et_pb_wc_description][et_pb_wc_add_to_cart _builder_version=&#8221;4.16&#8243; global_colors_info=&#8221;{}&#8221;][\/et_pb_wc_add_to_cart][et_pb_wc_meta _builder_version=&#8221;4.16&#8243; global_colors_info=&#8221;{}&#8221;][\/et_pb_wc_meta][\/et_pb_column][\/et_pb_row][et_pb_row _builder_version=&#8221;4.16&#8243; background_size=&#8221;initial&#8221; background_position=&#8221;top_left&#8221; background_repeat=&#8221;repeat&#8221; width=&#8221;100%&#8221; global_colors_info=&#8221;{}&#8221;][et_pb_column type=&#8221;4_4&#8243; _builder_version=&#8221;4.16&#8243; custom_padding=&#8221;|||&#8221; global_colors_info=&#8221;{}&#8221; custom_padding__hover=&#8221;|||&#8221;][et_pb_wc_tabs _builder_version=&#8221;4.16&#8243; global_colors_info=&#8221;{}&#8221;]\t\t\t\t\t[\/et_pb_wc_tabs][et_pb_wc_upsells _builder_version=&#8221;4.16&#8243; global_colors_info=&#8221;{}&#8221;][\/et_pb_wc_upsells][et_pb_wc_related_products _builder_version=&#8221;4.16&#8243; global_colors_info=&#8221;{}&#8221;][\/et_pb_wc_related_products][\/et_pb_column][\/et_pb_row][\/et_pb_section][et_pb_section fb_built=&#8221;1&#8243; _builder_version=&#8221;4.16&#8243; background_color=&#8221;#f5f5f5&#8243; global_colors_info=&#8221;{}&#8221;][et_pb_row _builder_version=&#8221;4.16&#8243; custom_margin=&#8221;20px||-30px|&#8221; global_colors_info=&#8221;{}&#8221;][et_pb_column type=&#8221;4_4&#8243; _builder_version=&#8221;4.16&#8243; custom_padding=&#8221;|||&#8221; global_colors_info=&#8221;{}&#8221; custom_padding__hover=&#8221;|||&#8221;][et_pb_text _builder_version=&#8221;4.16&#8243; link_font=&#8221;|700|||||||&#8221; z_index_tablet=&#8221;500&#8243; global_colors_info=&#8221;{}&#8221;]<\/p>\n<h3 style=\"margin-top: -40px;\">K\u00f6pinformation:<\/h3>\n<p>Pris inklusive 25 procent moms. Betalning sker via Swish eller faktura. Fraktkostnad tillkommer i efterhand. Du har ocks\u00e5 m\u00f6jlighet att kostnadsfritt sj\u00e4lv h\u00e4mta produkten fr\u00e5n v\u00e5rt lager i T\u00e4by.<\/p>\n<h3>M\u00e5ttbest\u00e4llning?<\/h3>\n<p>Vill du m\u00e5ttbest\u00e4lla <strong>Euro Playgrass<\/strong> (till ordinarie pris)? V\u00e4lkommen att kontakta oss p\u00e5 <a href=\"&#109;&#x61;&#x69;&#108;&#x74;&#x6f;:&#x6b;&#x6f;n&#116;&#x61;k&#116;&#x40;e&#118;&#x65;r&#103;&#x72;e&#101;&#x6e;&#x6b;&#111;&#x6e;&#x73;&#116;&#x67;&#x72;a&#x73;&#x2e;s&#101;\">ko&#110;&#116;&#x61;&#x6b;&#x74;&#x40;ev&#101;&#114;&#x67;&#x72;&#x65;&#x65;nk&#111;&#110;&#115;&#x74;&#x67;&#x72;&#x61;s&#46;&#115;&#101;<\/a> f\u00f6r offert.<\/p>\n<h3>Om produkten:<\/h3>\n<p>Multisportgr\u00e4s 24 mm f\u00f6r multisport. Gr\u00e4set g\u00e5r att best\u00e4lla i f\u00e4rgerna: gr\u00f6nt, vitt, bl\u00e5tt, gult, r\u00f6tt, terrakotta, gr\u00e5tt och antracit. Dtex 8 800.<\/p>\n<p><strong>Anv\u00e4ndningsomr\u00e5den:<\/strong> Multisport inom- och utomhus<br \/><strong>Str\u00e5material:<\/strong> Polyeten<br \/><strong>Vikt:<\/strong> 2,1 kg\/m\u00b2<br \/><strong>Fyllning:<\/strong> Ca 24 kg kiselsand per m\u00b2, 0.5-1.0 mm<br \/><strong>Garanti:<\/strong> 5 \u00e5r<br \/><strong>Tillverkningsland:<\/strong> Holland<\/p>\n<p>[\/et_pb_text][et_pb_blurb url=&#8221;https:\/\/evergreenkonstgras.se\/shop\/produkt-kategori\/uefa-30s-non-fill\/&#8221; use_icon=&#8221;on&#8221; font_icon=&#8221;&#x24;||divi||400&#8243; icon_placement=&#8221;left&#8221; image_icon_width=&#8221;30px&#8221; admin_label=&#8221;Hitta fler&#8221; _builder_version=&#8221;4.16&#8243; body_font=&#8221;|700|||||||&#8221; body_text_color=&#8221;#87bb40&#8243; animation=&#8221;off&#8221; z_index_tablet=&#8221;500&#8243; icon_font_size=&#8221;30px&#8221; global_colors_info=&#8221;{}&#8221;]<a href=\"https:\/\/evergreenkonstgras.se\/shop\/produkt-kategori\/euro-playgrass\/\">Hitta fler produkter av modell Euro Playgrass<\/a><br \/>\n[\/et_pb_blurb][\/et_pb_column][\/et_pb_row][\/et_pb_section]<\/p>\n","protected":false},"excerpt":{"rendered":"<p><strong>L\u00e4ngd:<\/strong><br \/>\n<strong>Bredd:<\/strong> 400 cm<br \/>\n<strong>Antal m\u00b2:<\/strong><br \/>\n<strong>Str\u00e5h\u00f6jd:<\/strong> 24 mm<br \/>\n<strong>Ord. pris per m\u00b2:<\/strong> 319 kr<br \/>\n<strong>Produktgrupp:<\/strong> <a href=\"https:\/\/www.evergreenkonstgras.se\/shop\/evergreen-sport-special-series\/\">Evergreen Sport &amp; Special Series<\/a><br \/>\n<strong>Kategori:<\/strong>\u00a0<a href=\"https:\/\/www.evergreenkonstgras.se\/shop\/sport\/\">Sport<\/a><\/p>\n","protected":false},"featured_media":1440,"template":"","meta":{"_et_pb_use_builder":"on","_et_pb_old_content":"F\u00e4rg: Gr\u00f6n\r\n\r\nEuro Playgrass ing\u00e5r i v\u00e5rt system Safeplay.\r\n\r\nSafeplay best\u00e5r av Euro Playgrass + Safepad + kiselsand och finns i fallskyddsh\u00f6jderna\r\n\r\n149 cm\r\n\r\n223 cm\r\n\r\n306 cm\r\n\r\n<strong>Testat och certifierat enligt EN-1177<\/strong>","_et_gb_content_width":""},"product_brand":[],"product_cat":[68],"product_tag":[45,46],"class_list":{"0":"post-967","1":"product","2":"type-product","3":"status-publish","4":"has-post-thumbnail","6":"product_cat-euro-playgrass","7":"product_tag-evergreen-sport-collection","8":"product_tag-sport","9":"product_shipping_class-frakt-tillkommer","11":"first","12":"instock","13":"sold-individually","14":"taxable","15":"shipping-taxable","16":"purchasable","17":"product-type-simple"},"jetpack-related-posts":[],"jetpack_sharing_enabled":true,"_links":{"self":[{"href":"https:\/\/www.evergreenkonstgras.se\/shop\/wp-json\/wp\/v2\/product\/967","targetHints":{"allow":["GET"]}}],"collection":[{"href":"https:\/\/www.evergreenkonstgras.se\/shop\/wp-json\/wp\/v2\/product"}],"about":[{"href":"https:\/\/www.evergreenkonstgras.se\/shop\/wp-json\/wp\/v2\/types\/product"}],"wp:featuredmedia":[{"embeddable":true,"href":"https:\/\/www.evergreenkonstgras.se\/shop\/wp-json\/wp\/v2\/media\/1440"}],"wp:attachment":[{"href":"https:\/\/www.evergreenkonstgras.se\/shop\/wp-json\/wp\/v2\/media?parent=967"}],"wp:term":[{"taxonomy":"product_brand","embeddable":true,"href":"https:\/\/www.evergreenkonstgras.se\/shop\/wp-json\/wp\/v2\/product_brand?post=967"},{"taxonomy":"product_cat","embeddable":true,"href":"https:\/\/www.evergreenkonstgras.se\/shop\/wp-json\/wp\/v2\/product_cat?post=967"},{"taxonomy":"product_tag","embeddable":true,"href":"https:\/\/www.evergreenkonstgras.se\/shop\/wp-json\/wp\/v2\/product_tag?post=967"}],"curies":[{"name":"wp","href":"https:\/\/api.w.org\/{rel}","templated":true}]}}